{"id":29286,"date":"2025-08-23T16:28:29","date_gmt":"2025-08-23T21:28:29","guid":{"rendered":"https:\/\/status-store.com\/?post_type=product&#038;p=29286"},"modified":"2025-08-24T13:28:43","modified_gmt":"2025-08-24T18:28:43","slug":"faja-media-pierna-con-espalda-semicubierta","status":"publish","type":"product","link":"https:\/\/status-store.com\/?product=faja-media-pierna-con-espalda-semicubierta","title":{"rendered":"Faja media pierna con espalda semicubierta"},"content":{"rendered":"<h2>Comodidad y dise\u00f1o centrado en tus necesidades<\/h2>\n<p>Nuestra faja color beige ha sido dise\u00f1ada pensando en la combinaci\u00f3n perfecta de funcionalidad y estilo. Ofrece una espalda semicubierta que garantiza soporte mientras permite libertad de movimiento. Adem\u00e1s, cuenta con un dise\u00f1o de senos libres para mayor comodidad y versatilidad en su uso diario. Las cargaderas removibles te brindan la flexibilidad de ajustar la faja de acuerdo a tus preferencias, adapt\u00e1ndose a cualquier atuendo.<\/p>\n","protected":false},"excerpt":{"rendered":"<p>Comodidad y dise\u00f1o centrado en tus necesidades Nuestra faja color beige ha sido dise\u00f1ada pensando en la combinaci\u00f3n perfecta de<\/p>\n","protected":false},"featured_media":29307,"comment_status":"open","ping_status":"closed","template":"","meta":[],"product_brand":[91],"product_cat":[83,73],"product_tag":[],"class_list":{"0":"post-29286","1":"product","2":"type-product","3":"status-publish","4":"has-post-thumbnail","6":"product_brand-bodyflex","7":"product_cat-fajas-por-encima-de-la-rodilla","8":"product_cat-mujer","10":"first","11":"instock","12":"shipping-taxable","13":"purchasable","14":"product-type-variable","15":"has-default-attributes"},"aioseo_notices":[],"_links":{"self":[{"href":"https:\/\/status-store.com\/index.php?rest_route=\/wp\/v2\/product\/29286","targetHints":{"allow":["GET"]}}],"collection":[{"href":"https:\/\/status-store.com\/index.php?rest_route=\/wp\/v2\/product"}],"about":[{"href":"https:\/\/status-store.com\/index.php?rest_route=\/wp\/v2\/types\/product"}],"replies":[{"embeddable":true,"href":"https:\/\/status-store.com\/index.php?rest_route=%2Fwp%2Fv2%2Fcomments&post=29286"}],"version-history":[{"count":4,"href":"https:\/\/status-store.com\/index.php?rest_route=\/wp\/v2\/product\/29286\/revisions"}],"predecessor-version":[{"id":29316,"href":"https:\/\/status-store.com\/index.php?rest_route=\/wp\/v2\/product\/29286\/revisions\/29316"}],"wp:featuredmedia":[{"embeddable":true,"href":"https:\/\/status-store.com\/index.php?rest_route=\/wp\/v2\/media\/29307"}],"wp:attachment":[{"href":"https:\/\/status-store.com\/index.php?rest_route=%2Fwp%2Fv2%2Fmedia&parent=29286"}],"wp:term":[{"taxonomy":"product_brand","embeddable":true,"href":"https:\/\/status-store.com\/index.php?rest_route=%2Fwp%2Fv2%2Fproduct_brand&post=29286"},{"taxonomy":"product_cat","embeddable":true,"href":"https:\/\/status-store.com\/index.php?rest_route=%2Fwp%2Fv2%2Fproduct_cat&post=29286"},{"taxonomy":"product_tag","embeddable":true,"href":"https:\/\/status-store.com\/index.php?rest_route=%2Fwp%2Fv2%2Fproduct_tag&post=29286"}],"curies":[{"name":"wp","href":"https:\/\/api.w.org\/{rel}","templated":true}]}}