{"id":29454,"date":"2025-08-24T14:57:35","date_gmt":"2025-08-24T19:57:35","guid":{"rendered":"https:\/\/status-store.com\/?post_type=product&#038;p=29454"},"modified":"2025-08-24T15:03:30","modified_gmt":"2025-08-24T20:03:30","slug":"faja-pierna-capri-manga-sisa","status":"publish","type":"product","link":"https:\/\/status-store.com\/?product=faja-pierna-capri-manga-sisa","title":{"rendered":"Faja pierna capri manga sisa"},"content":{"rendered":"<h2>Descubre la Faja Beige con Dise\u00f1o Innovador<\/h2>\n<p>Si buscas una prenda moldeadora que combine comodidad, funcionalidad y estilo, la Faja color beige con espalda cubierta es la elecci\u00f3n perfecta. Dise\u00f1ada para resaltar tu silueta y ofrecerte soporte en las \u00e1reas m\u00e1s importantes, esta faja es ideal tanto para llevar en el d\u00eda a d\u00eda como para ocasiones especiales.<\/p>\n<h2>Caracter\u00edsticas Claves para un Ajuste Perfecto<\/h2>\n<p>Esta faja no solo se destaca por su dise\u00f1o beige que combina de manera discreta con cualquier outfit, sino tambi\u00e9n por sus caracter\u00edsticas \u00fanicas: manga sisa con abrochadura en hombros para facilitar su colocaci\u00f3n y ajuste, refuerzo abdominal que proporciona soporte extra para esta zona, y banda levanta gl\u00fateos integrada. Adem\u00e1s, el dise\u00f1o senos libres permite mayor libertad para usar tu sost\u00e9n favorito, llevando la personalizaci\u00f3n a otro nivel.<\/p>\n<p>\u00bfNecesitas mayor movilidad? Su cierre inferior y pierna capri hacen que esta faja sea funcional y pr\u00e1ctica, permitiendo que la utilices por largas horas sin molestias.<\/p>\n<h2>Beneficios \u00danicos para Tu D\u00eda a D\u00eda<\/h2>\n<p>La Faja color beige con espalda cubierta est\u00e1 cuidadosamente concebida para ofrecer beneficios que van m\u00e1s all\u00e1 de moldear tu figura. El refuerzo abdominal favorece una postura m\u00e1s recta, ayudando a aliviar molestias en la zona lumbar. La banda levanta gl\u00fateos no solo realza tu apariencia, sino que tambi\u00e9n potencia la confianza que necesitas para conquistar tus metas.<\/p>\n<p>Esta prenda es ideal para quienes buscan moldear su figura y sentirse c\u00f3modas al mismo tiempo. Los materiales de alta calidad aseguran durabilidad, mientras que el dise\u00f1o ajustable te proporciona la flexibilidad que necesitas.<\/p>\n<h2>\u00bfPor Qu\u00e9 Elegir Esta Faja?<\/h2>\n<p>Con esta faja beige, no solo encontrar\u00e1s comodidad y soporte, sino tambi\u00e9n una herramienta ideal para estilizar tu figura sin comprometer tu bienestar. Perfecta para quienes desean combinar funcionalidad y elegancia, la faja es una inversi\u00f3n inteligente para quienes aman cuidarse.<\/p>\n<p>Atr\u00e9vete a experimentar sus beneficios y transforma tu rutina con esta prenda moldeadora \u00fanica. Con todas sus ventajas cuidadosamente dise\u00f1adas, te preguntar\u00e1s c\u00f3mo viv\u00edas sin ella.<\/p>\n","protected":false},"excerpt":{"rendered":"<p>Descubre la Faja Beige con Dise\u00f1o Innovador Si buscas una prenda moldeadora que combine comodidad, funcionalidad y estilo, la Faja<\/p>\n","protected":false},"featured_media":29471,"comment_status":"open","ping_status":"closed","template":"","meta":[],"product_brand":[91],"product_cat":[85,73],"product_tag":[],"class_list":{"0":"post-29454","1":"product","2":"type-product","3":"status-publish","4":"has-post-thumbnail","6":"product_brand-bodyflex","7":"product_cat-fajas-por-debajo-de-la-rodilla","8":"product_cat-mujer","10":"first","11":"instock","12":"shipping-taxable","13":"purchasable","14":"product-type-variable","15":"has-default-attributes"},"aioseo_notices":[],"_links":{"self":[{"href":"https:\/\/status-store.com\/index.php?rest_route=\/wp\/v2\/product\/29454","targetHints":{"allow":["GET"]}}],"collection":[{"href":"https:\/\/status-store.com\/index.php?rest_route=\/wp\/v2\/product"}],"about":[{"href":"https:\/\/status-store.com\/index.php?rest_route=\/wp\/v2\/types\/product"}],"replies":[{"embeddable":true,"href":"https:\/\/status-store.com\/index.php?rest_route=%2Fwp%2Fv2%2Fcomments&post=29454"}],"version-history":[{"count":1,"href":"https:\/\/status-store.com\/index.php?rest_route=\/wp\/v2\/product\/29454\/revisions"}],"predecessor-version":[{"id":29473,"href":"https:\/\/status-store.com\/index.php?rest_route=\/wp\/v2\/product\/29454\/revisions\/29473"}],"wp:featuredmedia":[{"embeddable":true,"href":"https:\/\/status-store.com\/index.php?rest_route=\/wp\/v2\/media\/29471"}],"wp:attachment":[{"href":"https:\/\/status-store.com\/index.php?rest_route=%2Fwp%2Fv2%2Fmedia&parent=29454"}],"wp:term":[{"taxonomy":"product_brand","embeddable":true,"href":"https:\/\/status-store.com\/index.php?rest_route=%2Fwp%2Fv2%2Fproduct_brand&post=29454"},{"taxonomy":"product_cat","embeddable":true,"href":"https:\/\/status-store.com\/index.php?rest_route=%2Fwp%2Fv2%2Fproduct_cat&post=29454"},{"taxonomy":"product_tag","embeddable":true,"href":"https:\/\/status-store.com\/index.php?rest_route=%2Fwp%2Fv2%2Fproduct_tag&post=29454"}],"curies":[{"name":"wp","href":"https:\/\/api.w.org\/{rel}","templated":true}]}}