{"id":29474,"date":"2025-08-24T15:04:58","date_gmt":"2025-08-24T20:04:58","guid":{"rendered":"https:\/\/status-store.com\/?post_type=product&#038;p=29474"},"modified":"2025-08-24T15:09:55","modified_gmt":"2025-08-24T20:09:55","slug":"faja-pierna-capri-con-brasier-prehormado","status":"publish","type":"product","link":"https:\/\/status-store.com\/?product=faja-pierna-capri-con-brasier-prehormado","title":{"rendered":"Faja pierna capri con brasier prehormado"},"content":{"rendered":"<h2>Dise\u00f1o Pr\u00e1ctico Para Tu D\u00eda a D\u00eda<\/h2>\n<p>La <strong>Faja color beige con brasier prehormado<\/strong> est\u00e1 dise\u00f1ada pensando en tu comodidad y estilo. Su espalda cubierta proporciona el soporte necesario sin comprometer la elegancia, mientras que las mangas sisa con abrochadura en el hombro aseguran un ajuste perfecto para todo tipo de cuerpo. Este dise\u00f1o facilita su uso diario, convirti\u00e9ndola en una prenda ideal para mujeres que buscan sentirse seguras y con soporte en cualquier ocasi\u00f3n.<\/p>\n<h2>Refuerzo Abdominal y Levanta Gl\u00fateos<\/h2>\n<p>Esta faja no solo te brinda soporte, sino que tambi\u00e9n realza tu figura. El refuerzo abdominal integrado ayuda a aplanar la zona del abdomen, ofreciendo una silueta m\u00e1s estilizada. Adem\u00e1s, la banda levanta gl\u00fateos est\u00e1 estrat\u00e9gicamente dise\u00f1ada para proporcionar un efecto realzador natural, asegurando que luzcas confiada y c\u00f3moda dondequiera que est\u00e9s.<\/p>\n<h2>Detalles Extendidos de Comodidad<\/h2>\n<p>Lo que hace \u00fanica a esta faja es su atenci\u00f3n a los detalles. El cierre inferior garantiza practicidad al ponerla y quitarla. La pierna capri ofrece una cobertura extendida que moldea suavemente las piernas, mientras que el color beige asegura discreci\u00f3n bajo cualquier tipo de ropa. Con su dise\u00f1o de brasier prehormado, tambi\u00e9n tendr\u00e1s soporte adicional en el \u00e1rea del busto sin necesidad de usar otras prendas adicionales.<\/p>\n<p>Si buscas una prenda que combine estilo, funcionalidad y comodidad, la <strong>Faja color beige con brasier prehormado<\/strong> es la elecci\u00f3n perfecta para ti.<\/p>\n","protected":false},"excerpt":{"rendered":"<p>Dise\u00f1o Pr\u00e1ctico Para Tu D\u00eda a D\u00eda La Faja color beige con brasier prehormado est\u00e1 dise\u00f1ada pensando en tu comodidad<\/p>\n","protected":false},"featured_media":29488,"comment_status":"open","ping_status":"closed","template":"","meta":[],"product_brand":[91],"product_cat":[85,73],"product_tag":[],"class_list":{"0":"post-29474","1":"product","2":"type-product","3":"status-publish","4":"has-post-thumbnail","6":"product_brand-bodyflex","7":"product_cat-fajas-por-debajo-de-la-rodilla","8":"product_cat-mujer","10":"first","11":"instock","12":"shipping-taxable","13":"purchasable","14":"product-type-variable","15":"has-default-attributes"},"aioseo_notices":[],"_links":{"self":[{"href":"https:\/\/status-store.com\/index.php?rest_route=\/wp\/v2\/product\/29474","targetHints":{"allow":["GET"]}}],"collection":[{"href":"https:\/\/status-store.com\/index.php?rest_route=\/wp\/v2\/product"}],"about":[{"href":"https:\/\/status-store.com\/index.php?rest_route=\/wp\/v2\/types\/product"}],"replies":[{"embeddable":true,"href":"https:\/\/status-store.com\/index.php?rest_route=%2Fwp%2Fv2%2Fcomments&post=29474"}],"version-history":[{"count":2,"href":"https:\/\/status-store.com\/index.php?rest_route=\/wp\/v2\/product\/29474\/revisions"}],"predecessor-version":[{"id":29490,"href":"https:\/\/status-store.com\/index.php?rest_route=\/wp\/v2\/product\/29474\/revisions\/29490"}],"wp:featuredmedia":[{"embeddable":true,"href":"https:\/\/status-store.com\/index.php?rest_route=\/wp\/v2\/media\/29488"}],"wp:attachment":[{"href":"https:\/\/status-store.com\/index.php?rest_route=%2Fwp%2Fv2%2Fmedia&parent=29474"}],"wp:term":[{"taxonomy":"product_brand","embeddable":true,"href":"https:\/\/status-store.com\/index.php?rest_route=%2Fwp%2Fv2%2Fproduct_brand&post=29474"},{"taxonomy":"product_cat","embeddable":true,"href":"https:\/\/status-store.com\/index.php?rest_route=%2Fwp%2Fv2%2Fproduct_cat&post=29474"},{"taxonomy":"product_tag","embeddable":true,"href":"https:\/\/status-store.com\/index.php?rest_route=%2Fwp%2Fv2%2Fproduct_tag&post=29474"}],"curies":[{"name":"wp","href":"https:\/\/api.w.org\/{rel}","templated":true}]}}