{"id":29633,"date":"2025-08-26T04:33:42","date_gmt":"2025-08-26T09:33:42","guid":{"rendered":"https:\/\/status-store.com\/?post_type=product&#038;p=29633"},"modified":"2025-08-26T04:38:11","modified_gmt":"2025-08-26T09:38:11","slug":"faja-cachetera-con-espalda-semicubierta","status":"publish","type":"product","link":"https:\/\/status-store.com\/?product=faja-cachetera-con-espalda-semicubierta","title":{"rendered":"Faja cachetera con espalda semicubierta"},"content":{"rendered":"<p>Faja color beige, con espalda semicubierta, senos libres, cargaderas removibles y refuerzo abdominal. Dise\u00f1o cachetero sin banda levanta gl\u00fateos, con encaje siliconado y abrochadura en zona \u00edntima.<\/p>\n","protected":false},"excerpt":{"rendered":"<p>Faja color beige, con espalda semicubierta, senos libres, cargaderas removibles y refuerzo abdominal. Dise\u00f1o cachetero sin banda levanta gl\u00fateos, con<\/p>\n","protected":false},"featured_media":29651,"comment_status":"open","ping_status":"closed","template":"","meta":[],"product_brand":[91],"product_cat":[84,73],"product_tag":[],"class_list":{"0":"post-29633","1":"product","2":"type-product","3":"status-publish","4":"has-post-thumbnail","6":"product_brand-bodyflex","7":"product_cat-fajas-cortas","8":"product_cat-mujer","10":"first","11":"instock","12":"shipping-taxable","13":"purchasable","14":"product-type-variable","15":"has-default-attributes"},"aioseo_notices":[],"_links":{"self":[{"href":"https:\/\/status-store.com\/index.php?rest_route=\/wp\/v2\/product\/29633","targetHints":{"allow":["GET"]}}],"collection":[{"href":"https:\/\/status-store.com\/index.php?rest_route=\/wp\/v2\/product"}],"about":[{"href":"https:\/\/status-store.com\/index.php?rest_route=\/wp\/v2\/types\/product"}],"replies":[{"embeddable":true,"href":"https:\/\/status-store.com\/index.php?rest_route=%2Fwp%2Fv2%2Fcomments&post=29633"}],"version-history":[{"count":2,"href":"https:\/\/status-store.com\/index.php?rest_route=\/wp\/v2\/product\/29633\/revisions"}],"predecessor-version":[{"id":29653,"href":"https:\/\/status-store.com\/index.php?rest_route=\/wp\/v2\/product\/29633\/revisions\/29653"}],"wp:featuredmedia":[{"embeddable":true,"href":"https:\/\/status-store.com\/index.php?rest_route=\/wp\/v2\/media\/29651"}],"wp:attachment":[{"href":"https:\/\/status-store.com\/index.php?rest_route=%2Fwp%2Fv2%2Fmedia&parent=29633"}],"wp:term":[{"taxonomy":"product_brand","embeddable":true,"href":"https:\/\/status-store.com\/index.php?rest_route=%2Fwp%2Fv2%2Fproduct_brand&post=29633"},{"taxonomy":"product_cat","embeddable":true,"href":"https:\/\/status-store.com\/index.php?rest_route=%2Fwp%2Fv2%2Fproduct_cat&post=29633"},{"taxonomy":"product_tag","embeddable":true,"href":"https:\/\/status-store.com\/index.php?rest_route=%2Fwp%2Fv2%2Fproduct_tag&post=29633"}],"curies":[{"name":"wp","href":"https:\/\/api.w.org\/{rel}","templated":true}]}}