{"id":29839,"date":"2025-08-26T12:32:06","date_gmt":"2025-08-26T17:32:06","guid":{"rendered":"https:\/\/status-store.com\/?post_type=product&#038;p=29839"},"modified":"2025-08-26T12:33:14","modified_gmt":"2025-08-26T17:33:14","slug":"tabla-anatomica-abdominal","status":"publish","type":"product","link":"https:\/\/status-store.com\/?product=tabla-anatomica-abdominal","title":{"rendered":"Tabla anat\u00f3mica abdominal"},"content":{"rendered":"<p>Tabla anat\u00f3mica abdominal con recubrimiento en poli\u00e9ster para un ajuste suave y c\u00f3modo.<br \/>\n\u2022 Espuma interna forrada que proporciona soporte y comodidad.<br \/>\n\u2022 Semi quiebres laterales para un ajuste personalizado a tu figura<\/p>\n","protected":false},"excerpt":{"rendered":"<p>Tabla anat\u00f3mica abdominal con recubrimiento en poli\u00e9ster para un ajuste suave y c\u00f3modo. \u2022 Espuma interna forrada que proporciona soporte<\/p>\n","protected":false},"featured_media":29841,"comment_status":"open","ping_status":"closed","template":"","meta":[],"product_brand":[91],"product_cat":[20,103],"product_tag":[],"class_list":{"0":"post-29839","1":"product","2":"type-product","3":"status-publish","4":"has-post-thumbnail","6":"product_brand-bodyflex","7":"product_cat-accessories","8":"product_cat-mentoneras","10":"first","11":"instock","12":"shipping-taxable","13":"purchasable","14":"product-type-variable"},"aioseo_notices":[],"_links":{"self":[{"href":"https:\/\/status-store.com\/index.php?rest_route=\/wp\/v2\/product\/29839","targetHints":{"allow":["GET"]}}],"collection":[{"href":"https:\/\/status-store.com\/index.php?rest_route=\/wp\/v2\/product"}],"about":[{"href":"https:\/\/status-store.com\/index.php?rest_route=\/wp\/v2\/types\/product"}],"replies":[{"embeddable":true,"href":"https:\/\/status-store.com\/index.php?rest_route=%2Fwp%2Fv2%2Fcomments&post=29839"}],"version-history":[{"count":2,"href":"https:\/\/status-store.com\/index.php?rest_route=\/wp\/v2\/product\/29839\/revisions"}],"predecessor-version":[{"id":29843,"href":"https:\/\/status-store.com\/index.php?rest_route=\/wp\/v2\/product\/29839\/revisions\/29843"}],"wp:featuredmedia":[{"embeddable":true,"href":"https:\/\/status-store.com\/index.php?rest_route=\/wp\/v2\/media\/29841"}],"wp:attachment":[{"href":"https:\/\/status-store.com\/index.php?rest_route=%2Fwp%2Fv2%2Fmedia&parent=29839"}],"wp:term":[{"taxonomy":"product_brand","embeddable":true,"href":"https:\/\/status-store.com\/index.php?rest_route=%2Fwp%2Fv2%2Fproduct_brand&post=29839"},{"taxonomy":"product_cat","embeddable":true,"href":"https:\/\/status-store.com\/index.php?rest_route=%2Fwp%2Fv2%2Fproduct_cat&post=29839"},{"taxonomy":"product_tag","embeddable":true,"href":"https:\/\/status-store.com\/index.php?rest_route=%2Fwp%2Fv2%2Fproduct_tag&post=29839"}],"curies":[{"name":"wp","href":"https:\/\/api.w.org\/{rel}","templated":true}]}}