{"id":29844,"date":"2025-08-26T12:34:16","date_gmt":"2025-08-26T17:34:16","guid":{"rendered":"https:\/\/status-store.com\/?post_type=product&#038;p=29844"},"modified":"2025-08-26T13:18:20","modified_gmt":"2025-08-26T18:18:20","slug":"faja-postquirurgica","status":"publish","type":"product","link":"https:\/\/status-store.com\/?product=faja-postquirurgica","title":{"rendered":"Faja postquir\u00fargica"},"content":{"rendered":"<p>La faja postoperatoria es ideal para eliminar fluidos y reducir la inflamaci\u00f3n. Su compresi\u00f3n moldea y estiliza el cuerpo, definiendo la silueta y realzando los gl\u00fateos, especialmente en mujeres con curvas pronunciadas.<\/p>\n","protected":false},"excerpt":{"rendered":"<p>La faja postoperatoria es ideal para eliminar fluidos y reducir la inflamaci\u00f3n. Su compresi\u00f3n moldea y estiliza el cuerpo, definiendo<\/p>\n","protected":false},"featured_media":29867,"comment_status":"open","ping_status":"closed","template":"","meta":[],"product_brand":[90],"product_cat":[83,73],"product_tag":[],"class_list":{"0":"post-29844","1":"product","2":"type-product","3":"status-publish","4":"has-post-thumbnail","6":"product_brand-fajate","7":"product_cat-fajas-por-encima-de-la-rodilla","8":"product_cat-mujer","10":"first","11":"instock","12":"shipping-taxable","13":"purchasable","14":"product-type-variable","15":"has-default-attributes"},"aioseo_notices":[],"_links":{"self":[{"href":"https:\/\/status-store.com\/index.php?rest_route=\/wp\/v2\/product\/29844","targetHints":{"allow":["GET"]}}],"collection":[{"href":"https:\/\/status-store.com\/index.php?rest_route=\/wp\/v2\/product"}],"about":[{"href":"https:\/\/status-store.com\/index.php?rest_route=\/wp\/v2\/types\/product"}],"replies":[{"embeddable":true,"href":"https:\/\/status-store.com\/index.php?rest_route=%2Fwp%2Fv2%2Fcomments&post=29844"}],"version-history":[{"count":1,"href":"https:\/\/status-store.com\/index.php?rest_route=\/wp\/v2\/product\/29844\/revisions"}],"predecessor-version":[{"id":29862,"href":"https:\/\/status-store.com\/index.php?rest_route=\/wp\/v2\/product\/29844\/revisions\/29862"}],"wp:featuredmedia":[{"embeddable":true,"href":"https:\/\/status-store.com\/index.php?rest_route=\/wp\/v2\/media\/29867"}],"wp:attachment":[{"href":"https:\/\/status-store.com\/index.php?rest_route=%2Fwp%2Fv2%2Fmedia&parent=29844"}],"wp:term":[{"taxonomy":"product_brand","embeddable":true,"href":"https:\/\/status-store.com\/index.php?rest_route=%2Fwp%2Fv2%2Fproduct_brand&post=29844"},{"taxonomy":"product_cat","embeddable":true,"href":"https:\/\/status-store.com\/index.php?rest_route=%2Fwp%2Fv2%2Fproduct_cat&post=29844"},{"taxonomy":"product_tag","embeddable":true,"href":"https:\/\/status-store.com\/index.php?rest_route=%2Fwp%2Fv2%2Fproduct_tag&post=29844"}],"curies":[{"name":"wp","href":"https:\/\/api.w.org\/{rel}","templated":true}]}}