{"id":29868,"date":"2025-08-26T13:18:53","date_gmt":"2025-08-26T18:18:53","guid":{"rendered":"https:\/\/status-store.com\/?post_type=product&#038;p=29868"},"modified":"2025-08-26T13:52:57","modified_gmt":"2025-08-26T18:52:57","slug":"faja-postquirurgica-de-primera-postura","status":"publish","type":"product","link":"https:\/\/status-store.com\/?product=faja-postquirurgica-de-primera-postura","title":{"rendered":"Faja postquir\u00fargica de primera postura"},"content":{"rendered":"<p>La Faja de Primera Postura es ideal para la recuperaci\u00f3n postquir\u00fargica, eliminando fluidos y reduciendo la inflamaci\u00f3n. Usada 24 horas al d\u00eda en las primeras semanas, luego puede ser adaptada a uso nocturno o diario.<\/p>\n","protected":false},"excerpt":{"rendered":"<p>La Faja de Primera Postura es ideal para la recuperaci\u00f3n postquir\u00fargica, eliminando fluidos y reduciendo la inflamaci\u00f3n. Usada 24 horas<\/p>\n","protected":false},"featured_media":29882,"comment_status":"open","ping_status":"closed","template":"","meta":[],"product_brand":[90],"product_cat":[85,73],"product_tag":[],"class_list":{"0":"post-29868","1":"product","2":"type-product","3":"status-publish","4":"has-post-thumbnail","6":"product_brand-fajate","7":"product_cat-fajas-por-debajo-de-la-rodilla","8":"product_cat-mujer","10":"first","11":"instock","12":"shipping-taxable","13":"purchasable","14":"product-type-variable","15":"has-default-attributes"},"aioseo_notices":[],"_links":{"self":[{"href":"https:\/\/status-store.com\/index.php?rest_route=\/wp\/v2\/product\/29868","targetHints":{"allow":["GET"]}}],"collection":[{"href":"https:\/\/status-store.com\/index.php?rest_route=\/wp\/v2\/product"}],"about":[{"href":"https:\/\/status-store.com\/index.php?rest_route=\/wp\/v2\/types\/product"}],"replies":[{"embeddable":true,"href":"https:\/\/status-store.com\/index.php?rest_route=%2Fwp%2Fv2%2Fcomments&post=29868"}],"version-history":[{"count":2,"href":"https:\/\/status-store.com\/index.php?rest_route=\/wp\/v2\/product\/29868\/revisions"}],"predecessor-version":[{"id":29906,"href":"https:\/\/status-store.com\/index.php?rest_route=\/wp\/v2\/product\/29868\/revisions\/29906"}],"wp:featuredmedia":[{"embeddable":true,"href":"https:\/\/status-store.com\/index.php?rest_route=\/wp\/v2\/media\/29882"}],"wp:attachment":[{"href":"https:\/\/status-store.com\/index.php?rest_route=%2Fwp%2Fv2%2Fmedia&parent=29868"}],"wp:term":[{"taxonomy":"product_brand","embeddable":true,"href":"https:\/\/status-store.com\/index.php?rest_route=%2Fwp%2Fv2%2Fproduct_brand&post=29868"},{"taxonomy":"product_cat","embeddable":true,"href":"https:\/\/status-store.com\/index.php?rest_route=%2Fwp%2Fv2%2Fproduct_cat&post=29868"},{"taxonomy":"product_tag","embeddable":true,"href":"https:\/\/status-store.com\/index.php?rest_route=%2Fwp%2Fv2%2Fproduct_tag&post=29868"}],"curies":[{"name":"wp","href":"https:\/\/api.w.org\/{rel}","templated":true}]}}