{"id":29907,"date":"2025-08-26T13:53:19","date_gmt":"2025-08-26T18:53:19","guid":{"rendered":"https:\/\/status-store.com\/?post_type=product&#038;p=29907"},"modified":"2025-08-26T13:57:15","modified_gmt":"2025-08-26T18:57:15","slug":"faja-postquirurgica-alta-compresion","status":"publish","type":"product","link":"https:\/\/status-store.com\/?product=faja-postquirurgica-alta-compresion","title":{"rendered":"Faja postquir\u00fargica alta compresi\u00f3n"},"content":{"rendered":"<p>Faja postquir\u00fargica con brasier y cobertura completa, ideal para postoperatorios de brazos, espalda y busto. Moldea cintura, abdomen, caderas, muslos y gl\u00fateos.<\/p>\n","protected":false},"excerpt":{"rendered":"<p>Faja postquir\u00fargica con brasier y cobertura completa, ideal para postoperatorios de brazos, espalda y busto. Moldea cintura, abdomen, caderas, muslos<\/p>\n","protected":false},"featured_media":29919,"comment_status":"open","ping_status":"closed","template":"","meta":[],"product_brand":[90],"product_cat":[85,73],"product_tag":[],"class_list":{"0":"post-29907","1":"product","2":"type-product","3":"status-publish","4":"has-post-thumbnail","6":"product_brand-fajate","7":"product_cat-fajas-por-debajo-de-la-rodilla","8":"product_cat-mujer","10":"first","11":"instock","12":"shipping-taxable","13":"purchasable","14":"product-type-variable","15":"has-default-attributes"},"aioseo_notices":[],"_links":{"self":[{"href":"https:\/\/status-store.com\/index.php?rest_route=\/wp\/v2\/product\/29907","targetHints":{"allow":["GET"]}}],"collection":[{"href":"https:\/\/status-store.com\/index.php?rest_route=\/wp\/v2\/product"}],"about":[{"href":"https:\/\/status-store.com\/index.php?rest_route=\/wp\/v2\/types\/product"}],"replies":[{"embeddable":true,"href":"https:\/\/status-store.com\/index.php?rest_route=%2Fwp%2Fv2%2Fcomments&post=29907"}],"version-history":[{"count":2,"href":"https:\/\/status-store.com\/index.php?rest_route=\/wp\/v2\/product\/29907\/revisions"}],"predecessor-version":[{"id":29926,"href":"https:\/\/status-store.com\/index.php?rest_route=\/wp\/v2\/product\/29907\/revisions\/29926"}],"wp:featuredmedia":[{"embeddable":true,"href":"https:\/\/status-store.com\/index.php?rest_route=\/wp\/v2\/media\/29919"}],"wp:attachment":[{"href":"https:\/\/status-store.com\/index.php?rest_route=%2Fwp%2Fv2%2Fmedia&parent=29907"}],"wp:term":[{"taxonomy":"product_brand","embeddable":true,"href":"https:\/\/status-store.com\/index.php?rest_route=%2Fwp%2Fv2%2Fproduct_brand&post=29907"},{"taxonomy":"product_cat","embeddable":true,"href":"https:\/\/status-store.com\/index.php?rest_route=%2Fwp%2Fv2%2Fproduct_cat&post=29907"},{"taxonomy":"product_tag","embeddable":true,"href":"https:\/\/status-store.com\/index.php?rest_route=%2Fwp%2Fv2%2Fproduct_tag&post=29907"}],"curies":[{"name":"wp","href":"https:\/\/api.w.org\/{rel}","templated":true}]}}