{"id":29927,"date":"2025-08-26T13:58:10","date_gmt":"2025-08-26T18:58:10","guid":{"rendered":"https:\/\/status-store.com\/?post_type=product&#038;p=29927"},"modified":"2025-08-26T14:01:18","modified_gmt":"2025-08-26T19:01:18","slug":"faja-postquirurgica-alta-compresion-2","status":"publish","type":"product","link":"https:\/\/status-store.com\/?product=faja-postquirurgica-alta-compresion-2","title":{"rendered":"Faja postquir\u00fargica alta compresi\u00f3n"},"content":{"rendered":"<p>Faja posquir\u00fargica de alta compresi\u00f3n, ideal para recuperaci\u00f3n y cicatrizaci\u00f3n. Fabricada en powernet externo para un control firme y lycra interna con beneficios para la piel, estiliza gl\u00fateos, define cintura y ofrece cobertura en espalda, brazos y busto, perfecta para postoperatorios y postparto con opci\u00f3n de lactancia.<\/p>\n","protected":false},"excerpt":{"rendered":"<p>Faja posquir\u00fargica de alta compresi\u00f3n, ideal para recuperaci\u00f3n y cicatrizaci\u00f3n. Fabricada en powernet externo para un control firme y lycra<\/p>\n","protected":false},"featured_media":29943,"comment_status":"open","ping_status":"closed","template":"","meta":[],"product_brand":[90],"product_cat":[73,85],"product_tag":[],"class_list":{"0":"post-29927","1":"product","2":"type-product","3":"status-publish","4":"has-post-thumbnail","6":"product_brand-fajate","7":"product_cat-mujer","8":"product_cat-fajas-por-debajo-de-la-rodilla","10":"first","11":"instock","12":"shipping-taxable","13":"purchasable","14":"product-type-variable","15":"has-default-attributes"},"aioseo_notices":[],"_links":{"self":[{"href":"https:\/\/status-store.com\/index.php?rest_route=\/wp\/v2\/product\/29927","targetHints":{"allow":["GET"]}}],"collection":[{"href":"https:\/\/status-store.com\/index.php?rest_route=\/wp\/v2\/product"}],"about":[{"href":"https:\/\/status-store.com\/index.php?rest_route=\/wp\/v2\/types\/product"}],"replies":[{"embeddable":true,"href":"https:\/\/status-store.com\/index.php?rest_route=%2Fwp%2Fv2%2Fcomments&post=29927"}],"version-history":[{"count":2,"href":"https:\/\/status-store.com\/index.php?rest_route=\/wp\/v2\/product\/29927\/revisions"}],"predecessor-version":[{"id":29945,"href":"https:\/\/status-store.com\/index.php?rest_route=\/wp\/v2\/product\/29927\/revisions\/29945"}],"wp:featuredmedia":[{"embeddable":true,"href":"https:\/\/status-store.com\/index.php?rest_route=\/wp\/v2\/media\/29943"}],"wp:attachment":[{"href":"https:\/\/status-store.com\/index.php?rest_route=%2Fwp%2Fv2%2Fmedia&parent=29927"}],"wp:term":[{"taxonomy":"product_brand","embeddable":true,"href":"https:\/\/status-store.com\/index.php?rest_route=%2Fwp%2Fv2%2Fproduct_brand&post=29927"},{"taxonomy":"product_cat","embeddable":true,"href":"https:\/\/status-store.com\/index.php?rest_route=%2Fwp%2Fv2%2Fproduct_cat&post=29927"},{"taxonomy":"product_tag","embeddable":true,"href":"https:\/\/status-store.com\/index.php?rest_route=%2Fwp%2Fv2%2Fproduct_tag&post=29927"}],"curies":[{"name":"wp","href":"https:\/\/api.w.org\/{rel}","templated":true}]}}