{"id":29946,"date":"2025-08-26T14:01:23","date_gmt":"2025-08-26T19:01:23","guid":{"rendered":"https:\/\/status-store.com\/?post_type=product&#038;p=29946"},"modified":"2025-08-26T14:03:26","modified_gmt":"2025-08-26T19:03:26","slug":"faja-postquirurgica-alta-compresion-3","status":"publish","type":"product","link":"https:\/\/status-store.com\/?product=faja-postquirurgica-alta-compresion-3","title":{"rendered":"Faja postquir\u00fargica alta compresi\u00f3n"},"content":{"rendered":"<p>Faja postquir\u00fargica de alta compresi\u00f3n ideal para cicatrizaci\u00f3n y recuperaci\u00f3n. Fabricada con powernet externo y lycra interna, ofrece beneficios para la piel, control de espalda y ajuste personalizado con abrochadura de 3 niveles y 19 ganchos para mejorar la postura.<\/p>\n","protected":false},"excerpt":{"rendered":"<p>Faja postquir\u00fargica de alta compresi\u00f3n ideal para cicatrizaci\u00f3n y recuperaci\u00f3n. Fabricada con powernet externo y lycra interna, ofrece beneficios para<\/p>\n","protected":false},"featured_media":29957,"comment_status":"open","ping_status":"closed","template":"","meta":[],"product_brand":[90],"product_cat":[83,73],"product_tag":[],"class_list":{"0":"post-29946","1":"product","2":"type-product","3":"status-publish","4":"has-post-thumbnail","6":"product_brand-fajate","7":"product_cat-fajas-por-encima-de-la-rodilla","8":"product_cat-mujer","10":"first","11":"instock","12":"shipping-taxable","13":"purchasable","14":"product-type-variable","15":"has-default-attributes"},"aioseo_notices":[],"_links":{"self":[{"href":"https:\/\/status-store.com\/index.php?rest_route=\/wp\/v2\/product\/29946","targetHints":{"allow":["GET"]}}],"collection":[{"href":"https:\/\/status-store.com\/index.php?rest_route=\/wp\/v2\/product"}],"about":[{"href":"https:\/\/status-store.com\/index.php?rest_route=\/wp\/v2\/types\/product"}],"replies":[{"embeddable":true,"href":"https:\/\/status-store.com\/index.php?rest_route=%2Fwp%2Fv2%2Fcomments&post=29946"}],"version-history":[{"count":2,"href":"https:\/\/status-store.com\/index.php?rest_route=\/wp\/v2\/product\/29946\/revisions"}],"predecessor-version":[{"id":29959,"href":"https:\/\/status-store.com\/index.php?rest_route=\/wp\/v2\/product\/29946\/revisions\/29959"}],"wp:featuredmedia":[{"embeddable":true,"href":"https:\/\/status-store.com\/index.php?rest_route=\/wp\/v2\/media\/29957"}],"wp:attachment":[{"href":"https:\/\/status-store.com\/index.php?rest_route=%2Fwp%2Fv2%2Fmedia&parent=29946"}],"wp:term":[{"taxonomy":"product_brand","embeddable":true,"href":"https:\/\/status-store.com\/index.php?rest_route=%2Fwp%2Fv2%2Fproduct_brand&post=29946"},{"taxonomy":"product_cat","embeddable":true,"href":"https:\/\/status-store.com\/index.php?rest_route=%2Fwp%2Fv2%2Fproduct_cat&post=29946"},{"taxonomy":"product_tag","embeddable":true,"href":"https:\/\/status-store.com\/index.php?rest_route=%2Fwp%2Fv2%2Fproduct_tag&post=29946"}],"curies":[{"name":"wp","href":"https:\/\/api.w.org\/{rel}","templated":true}]}}