{"id":30038,"date":"2025-08-27T09:05:56","date_gmt":"2025-08-27T14:05:56","guid":{"rendered":"https:\/\/status-store.com\/?post_type=product&#038;p=30038"},"modified":"2025-08-27T09:09:18","modified_gmt":"2025-08-27T14:09:18","slug":"faja-postquirurgica-con-alta-compresion","status":"publish","type":"product","link":"https:\/\/status-store.com\/?product=faja-postquirurgica-con-alta-compresion","title":{"rendered":"Faja postquir\u00fargica con alta compresi\u00f3n"},"content":{"rendered":"<p>Faja postquir\u00fargica de control para la espalda y zona axilar, ideal para reducir el tejido adiposo. Su dise\u00f1o favorece el soporte postoperatorio y mejora la recuperaci\u00f3n, permitiendo el uso de cualquier brasier gracias a su manga sisa y busto libre. Perfecta para esculpir la figura y proporcionar comodidad tras cirug\u00eda.<\/p>\n","protected":false},"excerpt":{"rendered":"<p>Faja postquir\u00fargica de control para la espalda y zona axilar, ideal para reducir el tejido adiposo. Su dise\u00f1o favorece el<\/p>\n","protected":false},"featured_media":30065,"comment_status":"open","ping_status":"closed","template":"","meta":[],"product_brand":[90],"product_cat":[85,73],"product_tag":[],"class_list":{"0":"post-30038","1":"product","2":"type-product","3":"status-publish","4":"has-post-thumbnail","6":"product_brand-fajate","7":"product_cat-fajas-por-debajo-de-la-rodilla","8":"product_cat-mujer","10":"first","11":"instock","12":"shipping-taxable","13":"purchasable","14":"product-type-variable","15":"has-default-attributes"},"aioseo_notices":[],"_links":{"self":[{"href":"https:\/\/status-store.com\/index.php?rest_route=\/wp\/v2\/product\/30038","targetHints":{"allow":["GET"]}}],"collection":[{"href":"https:\/\/status-store.com\/index.php?rest_route=\/wp\/v2\/product"}],"about":[{"href":"https:\/\/status-store.com\/index.php?rest_route=\/wp\/v2\/types\/product"}],"replies":[{"embeddable":true,"href":"https:\/\/status-store.com\/index.php?rest_route=%2Fwp%2Fv2%2Fcomments&post=30038"}],"version-history":[{"count":2,"href":"https:\/\/status-store.com\/index.php?rest_route=\/wp\/v2\/product\/30038\/revisions"}],"predecessor-version":[{"id":30067,"href":"https:\/\/status-store.com\/index.php?rest_route=\/wp\/v2\/product\/30038\/revisions\/30067"}],"wp:featuredmedia":[{"embeddable":true,"href":"https:\/\/status-store.com\/index.php?rest_route=\/wp\/v2\/media\/30065"}],"wp:attachment":[{"href":"https:\/\/status-store.com\/index.php?rest_route=%2Fwp%2Fv2%2Fmedia&parent=30038"}],"wp:term":[{"taxonomy":"product_brand","embeddable":true,"href":"https:\/\/status-store.com\/index.php?rest_route=%2Fwp%2Fv2%2Fproduct_brand&post=30038"},{"taxonomy":"product_cat","embeddable":true,"href":"https:\/\/status-store.com\/index.php?rest_route=%2Fwp%2Fv2%2Fproduct_cat&post=30038"},{"taxonomy":"product_tag","embeddable":true,"href":"https:\/\/status-store.com\/index.php?rest_route=%2Fwp%2Fv2%2Fproduct_tag&post=30038"}],"curies":[{"name":"wp","href":"https:\/\/api.w.org\/{rel}","templated":true}]}}