{"id":30068,"date":"2025-08-27T09:10:10","date_gmt":"2025-08-27T14:10:10","guid":{"rendered":"https:\/\/status-store.com\/?post_type=product&#038;p=30068"},"modified":"2025-08-27T09:12:15","modified_gmt":"2025-08-27T14:12:15","slug":"faja-postquirurgica-con-control-abdominal","status":"publish","type":"product","link":"https:\/\/status-store.com\/?product=faja-postquirurgica-con-control-abdominal","title":{"rendered":"Faja postquir\u00fargica con control abdominal"},"content":{"rendered":"<p>Faja postquir\u00fargica de busto libre con cargaderas ajustables y espalda alta, dise\u00f1ada para moldear abdomen, cintura, muslos, espalda y gl\u00fateos. Con abrochadura de tres niveles, falso perineal para comodidad y doble refuerzo abdominal para compresi\u00f3n y reducci\u00f3n de medidas.<\/p>\n","protected":false},"excerpt":{"rendered":"<p>Faja postquir\u00fargica de busto libre con cargaderas ajustables y espalda alta, dise\u00f1ada para moldear abdomen, cintura, muslos, espalda y gl\u00fateos.<\/p>\n","protected":false},"featured_media":30078,"comment_status":"open","ping_status":"closed","template":"","meta":[],"product_brand":[90],"product_cat":[83,73],"product_tag":[],"class_list":{"0":"post-30068","1":"product","2":"type-product","3":"status-publish","4":"has-post-thumbnail","6":"product_brand-fajate","7":"product_cat-fajas-por-encima-de-la-rodilla","8":"product_cat-mujer","10":"first","11":"instock","12":"shipping-taxable","13":"purchasable","14":"product-type-variable","15":"has-default-attributes"},"aioseo_notices":[],"_links":{"self":[{"href":"https:\/\/status-store.com\/index.php?rest_route=\/wp\/v2\/product\/30068","targetHints":{"allow":["GET"]}}],"collection":[{"href":"https:\/\/status-store.com\/index.php?rest_route=\/wp\/v2\/product"}],"about":[{"href":"https:\/\/status-store.com\/index.php?rest_route=\/wp\/v2\/types\/product"}],"replies":[{"embeddable":true,"href":"https:\/\/status-store.com\/index.php?rest_route=%2Fwp%2Fv2%2Fcomments&post=30068"}],"version-history":[{"count":2,"href":"https:\/\/status-store.com\/index.php?rest_route=\/wp\/v2\/product\/30068\/revisions"}],"predecessor-version":[{"id":30080,"href":"https:\/\/status-store.com\/index.php?rest_route=\/wp\/v2\/product\/30068\/revisions\/30080"}],"wp:featuredmedia":[{"embeddable":true,"href":"https:\/\/status-store.com\/index.php?rest_route=\/wp\/v2\/media\/30078"}],"wp:attachment":[{"href":"https:\/\/status-store.com\/index.php?rest_route=%2Fwp%2Fv2%2Fmedia&parent=30068"}],"wp:term":[{"taxonomy":"product_brand","embeddable":true,"href":"https:\/\/status-store.com\/index.php?rest_route=%2Fwp%2Fv2%2Fproduct_brand&post=30068"},{"taxonomy":"product_cat","embeddable":true,"href":"https:\/\/status-store.com\/index.php?rest_route=%2Fwp%2Fv2%2Fproduct_cat&post=30068"},{"taxonomy":"product_tag","embeddable":true,"href":"https:\/\/status-store.com\/index.php?rest_route=%2Fwp%2Fv2%2Fproduct_tag&post=30068"}],"curies":[{"name":"wp","href":"https:\/\/api.w.org\/{rel}","templated":true}]}}