{"id":30081,"date":"2025-08-27T09:16:42","date_gmt":"2025-08-27T14:16:42","guid":{"rendered":"https:\/\/status-store.com\/?post_type=product&#038;p=30081"},"modified":"2025-08-27T09:24:33","modified_gmt":"2025-08-27T14:24:33","slug":"faja-postquirurgica-alta-compresion-4","status":"publish","type":"product","link":"https:\/\/status-store.com\/?product=faja-postquirurgica-alta-compresion-4","title":{"rendered":"Faja postquir\u00fargica alta compresi\u00f3n"},"content":{"rendered":"<p>Faja postquir\u00fargica de alta compresi\u00f3n, dise\u00f1ada para moldear abdomen, cintura, muslos, espalda y gl\u00fateos. Con cargaderas ajustables, sistema de ajuste con tres niveles y doble refuerzo abdominal para reducir medidas. Su largo a la rodilla define piernas y caderas, y realza los gl\u00fateos.<\/p>\n","protected":false},"excerpt":{"rendered":"<p>Faja postquir\u00fargica de alta compresi\u00f3n, dise\u00f1ada para moldear abdomen, cintura, muslos, espalda y gl\u00fateos. Con cargaderas ajustables, sistema de ajuste<\/p>\n","protected":false},"featured_media":30126,"comment_status":"open","ping_status":"closed","template":"","meta":[],"product_brand":[90],"product_cat":[85,73],"product_tag":[],"class_list":{"0":"post-30081","1":"product","2":"type-product","3":"status-publish","4":"has-post-thumbnail","6":"product_brand-fajate","7":"product_cat-fajas-por-debajo-de-la-rodilla","8":"product_cat-mujer","10":"first","11":"instock","12":"shipping-taxable","13":"purchasable","14":"product-type-variable","15":"has-default-attributes"},"aioseo_notices":[],"_links":{"self":[{"href":"https:\/\/status-store.com\/index.php?rest_route=\/wp\/v2\/product\/30081","targetHints":{"allow":["GET"]}}],"collection":[{"href":"https:\/\/status-store.com\/index.php?rest_route=\/wp\/v2\/product"}],"about":[{"href":"https:\/\/status-store.com\/index.php?rest_route=\/wp\/v2\/types\/product"}],"replies":[{"embeddable":true,"href":"https:\/\/status-store.com\/index.php?rest_route=%2Fwp%2Fv2%2Fcomments&post=30081"}],"version-history":[{"count":2,"href":"https:\/\/status-store.com\/index.php?rest_route=\/wp\/v2\/product\/30081\/revisions"}],"predecessor-version":[{"id":30128,"href":"https:\/\/status-store.com\/index.php?rest_route=\/wp\/v2\/product\/30081\/revisions\/30128"}],"wp:featuredmedia":[{"embeddable":true,"href":"https:\/\/status-store.com\/index.php?rest_route=\/wp\/v2\/media\/30126"}],"wp:attachment":[{"href":"https:\/\/status-store.com\/index.php?rest_route=%2Fwp%2Fv2%2Fmedia&parent=30081"}],"wp:term":[{"taxonomy":"product_brand","embeddable":true,"href":"https:\/\/status-store.com\/index.php?rest_route=%2Fwp%2Fv2%2Fproduct_brand&post=30081"},{"taxonomy":"product_cat","embeddable":true,"href":"https:\/\/status-store.com\/index.php?rest_route=%2Fwp%2Fv2%2Fproduct_cat&post=30081"},{"taxonomy":"product_tag","embeddable":true,"href":"https:\/\/status-store.com\/index.php?rest_route=%2Fwp%2Fv2%2Fproduct_tag&post=30081"}],"curies":[{"name":"wp","href":"https:\/\/api.w.org\/{rel}","templated":true}]}}