{"id":30129,"date":"2025-08-27T09:31:09","date_gmt":"2025-08-27T14:31:09","guid":{"rendered":"https:\/\/status-store.com\/?post_type=product&#038;p=30129"},"modified":"2025-08-27T09:35:06","modified_gmt":"2025-08-27T14:35:06","slug":"faja-postquirurgica-alta-compresion-con-cierre-lateral","status":"publish","type":"product","link":"https:\/\/status-store.com\/?product=faja-postquirurgica-alta-compresion-con-cierre-lateral","title":{"rendered":"Faja postquir\u00fargica alta compresi\u00f3n con cierre lateral"},"content":{"rendered":"<p>Faja postquir\u00fargica de alta compresi\u00f3n con control en abdomen, muslos, torso y caderas. Con busto libre, cremalleras laterales y broches internos para ajuste, desinflamaci\u00f3n y prevenci\u00f3n de retenci\u00f3n de l\u00edquidos.<\/p>\n","protected":false},"excerpt":{"rendered":"<p>Faja postquir\u00fargica de alta compresi\u00f3n con control en abdomen, muslos, torso y caderas. Con busto libre, cremalleras laterales y broches<\/p>\n","protected":false},"featured_media":30172,"comment_status":"open","ping_status":"closed","template":"","meta":[],"product_brand":[90],"product_cat":[83,73],"product_tag":[],"class_list":{"0":"post-30129","1":"product","2":"type-product","3":"status-publish","4":"has-post-thumbnail","6":"product_brand-fajate","7":"product_cat-fajas-por-encima-de-la-rodilla","8":"product_cat-mujer","10":"first","11":"instock","12":"shipping-taxable","13":"purchasable","14":"product-type-variable","15":"has-default-attributes"},"aioseo_notices":[],"_links":{"self":[{"href":"https:\/\/status-store.com\/index.php?rest_route=\/wp\/v2\/product\/30129","targetHints":{"allow":["GET"]}}],"collection":[{"href":"https:\/\/status-store.com\/index.php?rest_route=\/wp\/v2\/product"}],"about":[{"href":"https:\/\/status-store.com\/index.php?rest_route=\/wp\/v2\/types\/product"}],"replies":[{"embeddable":true,"href":"https:\/\/status-store.com\/index.php?rest_route=%2Fwp%2Fv2%2Fcomments&post=30129"}],"version-history":[{"count":1,"href":"https:\/\/status-store.com\/index.php?rest_route=\/wp\/v2\/product\/30129\/revisions"}],"predecessor-version":[{"id":30173,"href":"https:\/\/status-store.com\/index.php?rest_route=\/wp\/v2\/product\/30129\/revisions\/30173"}],"wp:featuredmedia":[{"embeddable":true,"href":"https:\/\/status-store.com\/index.php?rest_route=\/wp\/v2\/media\/30172"}],"wp:attachment":[{"href":"https:\/\/status-store.com\/index.php?rest_route=%2Fwp%2Fv2%2Fmedia&parent=30129"}],"wp:term":[{"taxonomy":"product_brand","embeddable":true,"href":"https:\/\/status-store.com\/index.php?rest_route=%2Fwp%2Fv2%2Fproduct_brand&post=30129"},{"taxonomy":"product_cat","embeddable":true,"href":"https:\/\/status-store.com\/index.php?rest_route=%2Fwp%2Fv2%2Fproduct_cat&post=30129"},{"taxonomy":"product_tag","embeddable":true,"href":"https:\/\/status-store.com\/index.php?rest_route=%2Fwp%2Fv2%2Fproduct_tag&post=30129"}],"curies":[{"name":"wp","href":"https:\/\/api.w.org\/{rel}","templated":true}]}}