{"id":30175,"date":"2025-08-27T12:04:11","date_gmt":"2025-08-27T17:04:11","guid":{"rendered":"https:\/\/status-store.com\/?post_type=product&#038;p=30175"},"modified":"2025-08-27T12:11:11","modified_gmt":"2025-08-27T17:11:11","slug":"faja-postquirurgica-con-brasier-de-alta-compresion","status":"publish","type":"product","link":"https:\/\/status-store.com\/?product=faja-postquirurgica-con-brasier-de-alta-compresion","title":{"rendered":"Faja postquir\u00fargica con brasier de alta compresi\u00f3n"},"content":{"rendered":"<p>Faja Postquir\u00fargica de Alta Compresi\u00f3n con Brasier y Estilo Media Pierna. Ideal para recuperaci\u00f3n, cicatrizaci\u00f3n y postparto, moldea la cintura, gl\u00fateos y busto. Su abrochadura de 3 niveles asegura un ajuste perfecto y proporciona soporte para una postura mejorada. El refuerzo abdominal y el cubrimiento de la espalda garantizan una compresi\u00f3n \u00f3ptima y un vientre liso.<\/p>\n","protected":false},"excerpt":{"rendered":"<p>Faja Postquir\u00fargica de Alta Compresi\u00f3n con Brasier y Estilo Media Pierna. Ideal para recuperaci\u00f3n, cicatrizaci\u00f3n y postparto, moldea la cintura,<\/p>\n","protected":false},"featured_media":30214,"comment_status":"open","ping_status":"closed","template":"","meta":[],"product_brand":[90],"product_cat":[84,73],"product_tag":[],"class_list":{"0":"post-30175","1":"product","2":"type-product","3":"status-publish","4":"has-post-thumbnail","6":"product_brand-fajate","7":"product_cat-fajas-cortas","8":"product_cat-mujer","10":"first","11":"instock","12":"shipping-taxable","13":"purchasable","14":"product-type-variable","15":"has-default-attributes"},"aioseo_notices":[],"_links":{"self":[{"href":"https:\/\/status-store.com\/index.php?rest_route=\/wp\/v2\/product\/30175","targetHints":{"allow":["GET"]}}],"collection":[{"href":"https:\/\/status-store.com\/index.php?rest_route=\/wp\/v2\/product"}],"about":[{"href":"https:\/\/status-store.com\/index.php?rest_route=\/wp\/v2\/types\/product"}],"replies":[{"embeddable":true,"href":"https:\/\/status-store.com\/index.php?rest_route=%2Fwp%2Fv2%2Fcomments&post=30175"}],"version-history":[{"count":1,"href":"https:\/\/status-store.com\/index.php?rest_route=\/wp\/v2\/product\/30175\/revisions"}],"predecessor-version":[{"id":30215,"href":"https:\/\/status-store.com\/index.php?rest_route=\/wp\/v2\/product\/30175\/revisions\/30215"}],"wp:featuredmedia":[{"embeddable":true,"href":"https:\/\/status-store.com\/index.php?rest_route=\/wp\/v2\/media\/30214"}],"wp:attachment":[{"href":"https:\/\/status-store.com\/index.php?rest_route=%2Fwp%2Fv2%2Fmedia&parent=30175"}],"wp:term":[{"taxonomy":"product_brand","embeddable":true,"href":"https:\/\/status-store.com\/index.php?rest_route=%2Fwp%2Fv2%2Fproduct_brand&post=30175"},{"taxonomy":"product_cat","embeddable":true,"href":"https:\/\/status-store.com\/index.php?rest_route=%2Fwp%2Fv2%2Fproduct_cat&post=30175"},{"taxonomy":"product_tag","embeddable":true,"href":"https:\/\/status-store.com\/index.php?rest_route=%2Fwp%2Fv2%2Fproduct_tag&post=30175"}],"curies":[{"name":"wp","href":"https:\/\/api.w.org\/{rel}","templated":true}]}}