{"id":30239,"date":"2025-08-27T12:17:11","date_gmt":"2025-08-27T17:17:11","guid":{"rendered":"https:\/\/status-store.com\/?post_type=product&#038;p=30239"},"modified":"2025-08-27T12:25:09","modified_gmt":"2025-08-27T17:25:09","slug":"faja-postquirurgica-de-alta-compresion-con-triple-refuerzo-abdominal","status":"publish","type":"product","link":"https:\/\/status-store.com\/?product=faja-postquirurgica-de-alta-compresion-con-triple-refuerzo-abdominal","title":{"rendered":"Faja postquir\u00fargica de alta compresi\u00f3n con triple refuerzo abdominal"},"content":{"rendered":"<p>Faja postquir\u00fargica de busto libre con ajuste de tres niveles que moldea caderas, cintura, espalda y abdomen. Su triple refuerzo abdominal y largo a media pierna ofrecen comodidad y compresi\u00f3n ideal. Cargaderas ajustables.<\/p>\n","protected":false},"excerpt":{"rendered":"<p>Faja postquir\u00fargica de busto libre con ajuste de tres niveles que moldea caderas, cintura, espalda y abdomen. Su triple refuerzo<\/p>\n","protected":false},"featured_media":30274,"comment_status":"open","ping_status":"closed","template":"","meta":[],"product_brand":[90],"product_cat":[84,73],"product_tag":[],"class_list":{"0":"post-30239","1":"product","2":"type-product","3":"status-publish","4":"has-post-thumbnail","6":"product_brand-fajate","7":"product_cat-fajas-cortas","8":"product_cat-mujer","10":"first","11":"instock","12":"shipping-taxable","13":"purchasable","14":"product-type-variable","15":"has-default-attributes"},"aioseo_notices":[],"_links":{"self":[{"href":"https:\/\/status-store.com\/index.php?rest_route=\/wp\/v2\/product\/30239","targetHints":{"allow":["GET"]}}],"collection":[{"href":"https:\/\/status-store.com\/index.php?rest_route=\/wp\/v2\/product"}],"about":[{"href":"https:\/\/status-store.com\/index.php?rest_route=\/wp\/v2\/types\/product"}],"replies":[{"embeddable":true,"href":"https:\/\/status-store.com\/index.php?rest_route=%2Fwp%2Fv2%2Fcomments&post=30239"}],"version-history":[{"count":2,"href":"https:\/\/status-store.com\/index.php?rest_route=\/wp\/v2\/product\/30239\/revisions"}],"predecessor-version":[{"id":30276,"href":"https:\/\/status-store.com\/index.php?rest_route=\/wp\/v2\/product\/30239\/revisions\/30276"}],"wp:featuredmedia":[{"embeddable":true,"href":"https:\/\/status-store.com\/index.php?rest_route=\/wp\/v2\/media\/30274"}],"wp:attachment":[{"href":"https:\/\/status-store.com\/index.php?rest_route=%2Fwp%2Fv2%2Fmedia&parent=30239"}],"wp:term":[{"taxonomy":"product_brand","embeddable":true,"href":"https:\/\/status-store.com\/index.php?rest_route=%2Fwp%2Fv2%2Fproduct_brand&post=30239"},{"taxonomy":"product_cat","embeddable":true,"href":"https:\/\/status-store.com\/index.php?rest_route=%2Fwp%2Fv2%2Fproduct_cat&post=30239"},{"taxonomy":"product_tag","embeddable":true,"href":"https:\/\/status-store.com\/index.php?rest_route=%2Fwp%2Fv2%2Fproduct_tag&post=30239"}],"curies":[{"name":"wp","href":"https:\/\/api.w.org\/{rel}","templated":true}]}}