{"id":30388,"date":"2025-08-27T12:48:11","date_gmt":"2025-08-27T17:48:11","guid":{"rendered":"https:\/\/status-store.com\/?post_type=product&#038;p=30388"},"modified":"2025-08-27T13:01:35","modified_gmt":"2025-08-27T18:01:35","slug":"brasier-postquirurgico-con-control-del-busto","status":"publish","type":"product","link":"https:\/\/status-store.com\/?product=brasier-postquirurgico-con-control-del-busto","title":{"rendered":"Brasier postquir\u00fargico con control del busto"},"content":{"rendered":"<p>Bra Postquir\u00fargico sin aros dise\u00f1ado para proporcionar \u00f3ptima postura y control del busto desde el primer uso. Su refuerzo en X en la espalda y tela de alta compresi\u00f3n aseguran un ajuste firme y c\u00f3modo. La abrochadura frontal de 9 ganchos y el ajuste en los hombros facilitan la colocaci\u00f3n y adaptabilidad.<\/p>\n","protected":false},"excerpt":{"rendered":"<p>Bra Postquir\u00fargico sin aros dise\u00f1ado para proporcionar \u00f3ptima postura y control del busto desde el primer uso. Su refuerzo en<\/p>\n","protected":false},"featured_media":30430,"comment_status":"open","ping_status":"closed","template":"","meta":[],"product_brand":[90],"product_cat":[73,81],"product_tag":[],"class_list":{"0":"post-30388","1":"product","2":"type-product","3":"status-publish","4":"has-post-thumbnail","6":"product_brand-fajate","7":"product_cat-mujer","8":"product_cat-bra","10":"first","11":"instock","12":"shipping-taxable","13":"purchasable","14":"product-type-variable","15":"has-default-attributes"},"aioseo_notices":[],"_links":{"self":[{"href":"https:\/\/status-store.com\/index.php?rest_route=\/wp\/v2\/product\/30388","targetHints":{"allow":["GET"]}}],"collection":[{"href":"https:\/\/status-store.com\/index.php?rest_route=\/wp\/v2\/product"}],"about":[{"href":"https:\/\/status-store.com\/index.php?rest_route=\/wp\/v2\/types\/product"}],"replies":[{"embeddable":true,"href":"https:\/\/status-store.com\/index.php?rest_route=%2Fwp%2Fv2%2Fcomments&post=30388"}],"version-history":[{"count":1,"href":"https:\/\/status-store.com\/index.php?rest_route=\/wp\/v2\/product\/30388\/revisions"}],"predecessor-version":[{"id":30413,"href":"https:\/\/status-store.com\/index.php?rest_route=\/wp\/v2\/product\/30388\/revisions\/30413"}],"wp:featuredmedia":[{"embeddable":true,"href":"https:\/\/status-store.com\/index.php?rest_route=\/wp\/v2\/media\/30430"}],"wp:attachment":[{"href":"https:\/\/status-store.com\/index.php?rest_route=%2Fwp%2Fv2%2Fmedia&parent=30388"}],"wp:term":[{"taxonomy":"product_brand","embeddable":true,"href":"https:\/\/status-store.com\/index.php?rest_route=%2Fwp%2Fv2%2Fproduct_brand&post=30388"},{"taxonomy":"product_cat","embeddable":true,"href":"https:\/\/status-store.com\/index.php?rest_route=%2Fwp%2Fv2%2Fproduct_cat&post=30388"},{"taxonomy":"product_tag","embeddable":true,"href":"https:\/\/status-store.com\/index.php?rest_route=%2Fwp%2Fv2%2Fproduct_tag&post=30388"}],"curies":[{"name":"wp","href":"https:\/\/api.w.org\/{rel}","templated":true}]}}