{"id":30431,"date":"2025-08-27T13:03:47","date_gmt":"2025-08-27T18:03:47","guid":{"rendered":"https:\/\/status-store.com\/?post_type=product&#038;p=30431"},"modified":"2025-08-27T13:06:12","modified_gmt":"2025-08-27T18:06:12","slug":"brasier-postquirurgico-multifuncional-con-control-del-busto","status":"publish","type":"product","link":"https:\/\/status-store.com\/?product=brasier-postquirurgico-multifuncional-con-control-del-busto","title":{"rendered":"Brasier postquir\u00fargico multifuncional con control del busto"},"content":{"rendered":"<p>Bra postquir\u00fargico sin aros, dise\u00f1ado para mejorar la postura y controlar el busto. Refuerzo en X en la espalda para ajuste y mayor cubrimiento en copas, sisa y espalda.Incluye abrochadura frontal con 6 ganchos y cargaderas ajustables. C\u00f3modo, liviano y seguro con banda el\u00e1stica en la base.<\/p>\n","protected":false},"excerpt":{"rendered":"<p>Bra postquir\u00fargico sin aros, dise\u00f1ado para mejorar la postura y controlar el busto. Refuerzo en X en la espalda para<\/p>\n","protected":false},"featured_media":30446,"comment_status":"open","ping_status":"closed","template":"","meta":[],"product_brand":[90],"product_cat":[81,73],"product_tag":[],"class_list":{"0":"post-30431","1":"product","2":"type-product","3":"status-publish","4":"has-post-thumbnail","6":"product_brand-fajate","7":"product_cat-bra","8":"product_cat-mujer","10":"first","11":"instock","12":"shipping-taxable","13":"purchasable","14":"product-type-variable","15":"has-default-attributes"},"aioseo_notices":[],"_links":{"self":[{"href":"https:\/\/status-store.com\/index.php?rest_route=\/wp\/v2\/product\/30431","targetHints":{"allow":["GET"]}}],"collection":[{"href":"https:\/\/status-store.com\/index.php?rest_route=\/wp\/v2\/product"}],"about":[{"href":"https:\/\/status-store.com\/index.php?rest_route=\/wp\/v2\/types\/product"}],"replies":[{"embeddable":true,"href":"https:\/\/status-store.com\/index.php?rest_route=%2Fwp%2Fv2%2Fcomments&post=30431"}],"version-history":[{"count":2,"href":"https:\/\/status-store.com\/index.php?rest_route=\/wp\/v2\/product\/30431\/revisions"}],"predecessor-version":[{"id":30448,"href":"https:\/\/status-store.com\/index.php?rest_route=\/wp\/v2\/product\/30431\/revisions\/30448"}],"wp:featuredmedia":[{"embeddable":true,"href":"https:\/\/status-store.com\/index.php?rest_route=\/wp\/v2\/media\/30446"}],"wp:attachment":[{"href":"https:\/\/status-store.com\/index.php?rest_route=%2Fwp%2Fv2%2Fmedia&parent=30431"}],"wp:term":[{"taxonomy":"product_brand","embeddable":true,"href":"https:\/\/status-store.com\/index.php?rest_route=%2Fwp%2Fv2%2Fproduct_brand&post=30431"},{"taxonomy":"product_cat","embeddable":true,"href":"https:\/\/status-store.com\/index.php?rest_route=%2Fwp%2Fv2%2Fproduct_cat&post=30431"},{"taxonomy":"product_tag","embeddable":true,"href":"https:\/\/status-store.com\/index.php?rest_route=%2Fwp%2Fv2%2Fproduct_tag&post=30431"}],"curies":[{"name":"wp","href":"https:\/\/api.w.org\/{rel}","templated":true}]}}