{"id":30449,"date":"2025-08-27T13:10:18","date_gmt":"2025-08-27T18:10:18","guid":{"rendered":"https:\/\/status-store.com\/?post_type=product&#038;p=30449"},"modified":"2025-08-27T13:14:25","modified_gmt":"2025-08-27T18:14:25","slug":"brasier-postquirurgico-con-compresion-para-busto-y-brazos","status":"publish","type":"product","link":"https:\/\/status-store.com\/?product=brasier-postquirurgico-con-compresion-para-busto-y-brazos","title":{"rendered":"Brasier postquir\u00fargico con compresi\u00f3n para busto y brazos"},"content":{"rendered":"<p>Brasier postquir\u00fargico sin arcos, multifuncional para cirug\u00edas de busto. Su dise\u00f1o incluye un refuerzo en X en la espalda, proporcionando ajuste y postura mejorada. Con cubrimiento del busto y abrochadura frontal de 9 ganchos para facilitar la postura. Recomendado por m\u00e9dicos tras cirug\u00edas de busto y brazos para evitar inflamaci\u00f3n. Ofrece soporte alto y comodidad, con banda el\u00e1stica en la base del busto para adherencia. Moldea brazos y espalda, con tela en lycra que contiene microc\u00e1psulas de vitaminas para cicatrizaci\u00f3n e hidrataci\u00f3n.<\/p>\n","protected":false},"excerpt":{"rendered":"<p>Brasier postquir\u00fargico sin arcos, multifuncional para cirug\u00edas de busto. Su dise\u00f1o incluye un refuerzo en X en la espalda, proporcionando<\/p>\n","protected":false},"featured_media":30458,"comment_status":"open","ping_status":"closed","template":"","meta":[],"product_brand":[90],"product_cat":[81,73],"product_tag":[],"class_list":{"0":"post-30449","1":"product","2":"type-product","3":"status-publish","4":"has-post-thumbnail","6":"product_brand-fajate","7":"product_cat-bra","8":"product_cat-mujer","10":"first","11":"instock","12":"shipping-taxable","13":"purchasable","14":"product-type-variable","15":"has-default-attributes"},"aioseo_notices":[],"_links":{"self":[{"href":"https:\/\/status-store.com\/index.php?rest_route=\/wp\/v2\/product\/30449","targetHints":{"allow":["GET"]}}],"collection":[{"href":"https:\/\/status-store.com\/index.php?rest_route=\/wp\/v2\/product"}],"about":[{"href":"https:\/\/status-store.com\/index.php?rest_route=\/wp\/v2\/types\/product"}],"replies":[{"embeddable":true,"href":"https:\/\/status-store.com\/index.php?rest_route=%2Fwp%2Fv2%2Fcomments&post=30449"}],"version-history":[{"count":1,"href":"https:\/\/status-store.com\/index.php?rest_route=\/wp\/v2\/product\/30449\/revisions"}],"predecessor-version":[{"id":30459,"href":"https:\/\/status-store.com\/index.php?rest_route=\/wp\/v2\/product\/30449\/revisions\/30459"}],"wp:featuredmedia":[{"embeddable":true,"href":"https:\/\/status-store.com\/index.php?rest_route=\/wp\/v2\/media\/30458"}],"wp:attachment":[{"href":"https:\/\/status-store.com\/index.php?rest_route=%2Fwp%2Fv2%2Fmedia&parent=30449"}],"wp:term":[{"taxonomy":"product_brand","embeddable":true,"href":"https:\/\/status-store.com\/index.php?rest_route=%2Fwp%2Fv2%2Fproduct_brand&post=30449"},{"taxonomy":"product_cat","embeddable":true,"href":"https:\/\/status-store.com\/index.php?rest_route=%2Fwp%2Fv2%2Fproduct_cat&post=30449"},{"taxonomy":"product_tag","embeddable":true,"href":"https:\/\/status-store.com\/index.php?rest_route=%2Fwp%2Fv2%2Fproduct_tag&post=30449"}],"curies":[{"name":"wp","href":"https:\/\/api.w.org\/{rel}","templated":true}]}}