{"id":30556,"date":"2025-08-28T02:19:24","date_gmt":"2025-08-28T07:19:24","guid":{"rendered":"https:\/\/status-store.com\/?post_type=product&#038;p=30556"},"modified":"2025-08-28T02:25:16","modified_gmt":"2025-08-28T07:25:16","slug":"faja-moldeadora-con-realce-de-gluteos-y-control-abdominal-ajustable","status":"publish","type":"product","link":"https:\/\/status-store.com\/?product=faja-moldeadora-con-realce-de-gluteos-y-control-abdominal-ajustable","title":{"rendered":"Faja moldeadora con realce de gl\u00fateos y control abdominal ajustable"},"content":{"rendered":"<p>Faja Busto Libre con cargaderas ajustables, dise\u00f1ada para moldear abdomen, cintura, espalda, muslos y gl\u00fateos. Su doble refuerzo abdominal brinda alta compresi\u00f3n, mientras la abrochadura de dos niveles y cremallera perineal aseguran comodidad durante el uso.<\/p>\n","protected":false},"excerpt":{"rendered":"<p>Faja Busto Libre con cargaderas ajustables, dise\u00f1ada para moldear abdomen, cintura, espalda, muslos y gl\u00fateos. Su doble refuerzo abdominal brinda<\/p>\n","protected":false},"featured_media":30580,"comment_status":"open","ping_status":"closed","template":"","meta":[],"product_brand":[90],"product_cat":[83,73],"product_tag":[],"class_list":{"0":"post-30556","1":"product","2":"type-product","3":"status-publish","4":"has-post-thumbnail","6":"product_brand-fajate","7":"product_cat-fajas-por-encima-de-la-rodilla","8":"product_cat-mujer","10":"first","11":"instock","12":"shipping-taxable","13":"purchasable","14":"product-type-variable","15":"has-default-attributes"},"aioseo_notices":[],"_links":{"self":[{"href":"https:\/\/status-store.com\/index.php?rest_route=\/wp\/v2\/product\/30556","targetHints":{"allow":["GET"]}}],"collection":[{"href":"https:\/\/status-store.com\/index.php?rest_route=\/wp\/v2\/product"}],"about":[{"href":"https:\/\/status-store.com\/index.php?rest_route=\/wp\/v2\/types\/product"}],"replies":[{"embeddable":true,"href":"https:\/\/status-store.com\/index.php?rest_route=%2Fwp%2Fv2%2Fcomments&post=30556"}],"version-history":[{"count":2,"href":"https:\/\/status-store.com\/index.php?rest_route=\/wp\/v2\/product\/30556\/revisions"}],"predecessor-version":[{"id":30582,"href":"https:\/\/status-store.com\/index.php?rest_route=\/wp\/v2\/product\/30556\/revisions\/30582"}],"wp:featuredmedia":[{"embeddable":true,"href":"https:\/\/status-store.com\/index.php?rest_route=\/wp\/v2\/media\/30580"}],"wp:attachment":[{"href":"https:\/\/status-store.com\/index.php?rest_route=%2Fwp%2Fv2%2Fmedia&parent=30556"}],"wp:term":[{"taxonomy":"product_brand","embeddable":true,"href":"https:\/\/status-store.com\/index.php?rest_route=%2Fwp%2Fv2%2Fproduct_brand&post=30556"},{"taxonomy":"product_cat","embeddable":true,"href":"https:\/\/status-store.com\/index.php?rest_route=%2Fwp%2Fv2%2Fproduct_cat&post=30556"},{"taxonomy":"product_tag","embeddable":true,"href":"https:\/\/status-store.com\/index.php?rest_route=%2Fwp%2Fv2%2Fproduct_tag&post=30556"}],"curies":[{"name":"wp","href":"https:\/\/api.w.org\/{rel}","templated":true}]}}