{"id":30653,"date":"2025-08-28T07:37:23","date_gmt":"2025-08-28T12:37:23","guid":{"rendered":"https:\/\/status-store.com\/?post_type=product&#038;p=30653"},"modified":"2025-08-28T08:57:55","modified_gmt":"2025-08-28T13:57:55","slug":"faja-short-con-cierre-lateral-para-uso-diario","status":"publish","type":"product","link":"https:\/\/status-store.com\/?product=faja-short-con-cierre-lateral-para-uso-diario","title":{"rendered":"Faja short  con cierre lateral para uso diario"},"content":{"rendered":"<p>Faja de alta compresi\u00f3n tipo short para uso diario y postparto, que moldea y define caderas, cintura, abdomen, espalda y gl\u00fateos. Con cargaderas ajustables y busto libre, ofrece comodidad y versatilidad, ideal para postcirug\u00eda.<\/p>\n","protected":false},"excerpt":{"rendered":"<p>Faja de alta compresi\u00f3n tipo short para uso diario y postparto, que moldea y define caderas, cintura, abdomen, espalda y<\/p>\n","protected":false},"featured_media":30690,"comment_status":"open","ping_status":"closed","template":"","meta":[],"product_brand":[90],"product_cat":[84,73],"product_tag":[],"class_list":{"0":"post-30653","1":"product","2":"type-product","3":"status-publish","4":"has-post-thumbnail","6":"product_brand-fajate","7":"product_cat-fajas-cortas","8":"product_cat-mujer","10":"first","11":"instock","12":"shipping-taxable","13":"purchasable","14":"product-type-variable","15":"has-default-attributes"},"aioseo_notices":[],"_links":{"self":[{"href":"https:\/\/status-store.com\/index.php?rest_route=\/wp\/v2\/product\/30653","targetHints":{"allow":["GET"]}}],"collection":[{"href":"https:\/\/status-store.com\/index.php?rest_route=\/wp\/v2\/product"}],"about":[{"href":"https:\/\/status-store.com\/index.php?rest_route=\/wp\/v2\/types\/product"}],"replies":[{"embeddable":true,"href":"https:\/\/status-store.com\/index.php?rest_route=%2Fwp%2Fv2%2Fcomments&post=30653"}],"version-history":[{"count":2,"href":"https:\/\/status-store.com\/index.php?rest_route=\/wp\/v2\/product\/30653\/revisions"}],"predecessor-version":[{"id":30692,"href":"https:\/\/status-store.com\/index.php?rest_route=\/wp\/v2\/product\/30653\/revisions\/30692"}],"wp:featuredmedia":[{"embeddable":true,"href":"https:\/\/status-store.com\/index.php?rest_route=\/wp\/v2\/media\/30690"}],"wp:attachment":[{"href":"https:\/\/status-store.com\/index.php?rest_route=%2Fwp%2Fv2%2Fmedia&parent=30653"}],"wp:term":[{"taxonomy":"product_brand","embeddable":true,"href":"https:\/\/status-store.com\/index.php?rest_route=%2Fwp%2Fv2%2Fproduct_brand&post=30653"},{"taxonomy":"product_cat","embeddable":true,"href":"https:\/\/status-store.com\/index.php?rest_route=%2Fwp%2Fv2%2Fproduct_cat&post=30653"},{"taxonomy":"product_tag","embeddable":true,"href":"https:\/\/status-store.com\/index.php?rest_route=%2Fwp%2Fv2%2Fproduct_tag&post=30653"}],"curies":[{"name":"wp","href":"https:\/\/api.w.org\/{rel}","templated":true}]}}