{"id":30693,"date":"2025-08-28T08:59:40","date_gmt":"2025-08-28T13:59:40","guid":{"rendered":"https:\/\/status-store.com\/?post_type=product&#038;p=30693"},"modified":"2025-08-28T09:03:31","modified_gmt":"2025-08-28T14:03:31","slug":"faja-strapless-con-moldeo-de-figura-y-realce-de-gluteos","status":"publish","type":"product","link":"https:\/\/status-store.com\/?product=faja-strapless-con-moldeo-de-figura-y-realce-de-gluteos","title":{"rendered":"Faja strapless con moldeo de figura y realce de gl\u00fateos"},"content":{"rendered":"<p>Faja tipo Strapless de alta compresi\u00f3n, ideal para uso diario y prendas de escote. Moldea abdomen, cintura, caderas y realza gl\u00fateos. Con cargaderas graduables, 3 niveles de ajuste y falso perineal para comodidad. Ideal para postoperatorios, postparto o uso est\u00e9tico.<\/p>\n","protected":false},"excerpt":{"rendered":"<p>Faja tipo Strapless de alta compresi\u00f3n, ideal para uso diario y prendas de escote. Moldea abdomen, cintura, caderas y realza<\/p>\n","protected":false},"featured_media":30716,"comment_status":"open","ping_status":"closed","template":"","meta":[],"product_brand":[90],"product_cat":[84,73],"product_tag":[],"class_list":{"0":"post-30693","1":"product","2":"type-product","3":"status-publish","4":"has-post-thumbnail","6":"product_brand-fajate","7":"product_cat-fajas-cortas","8":"product_cat-mujer","10":"first","11":"instock","12":"shipping-taxable","13":"purchasable","14":"product-type-variable","15":"has-default-attributes"},"aioseo_notices":[],"_links":{"self":[{"href":"https:\/\/status-store.com\/index.php?rest_route=\/wp\/v2\/product\/30693","targetHints":{"allow":["GET"]}}],"collection":[{"href":"https:\/\/status-store.com\/index.php?rest_route=\/wp\/v2\/product"}],"about":[{"href":"https:\/\/status-store.com\/index.php?rest_route=\/wp\/v2\/types\/product"}],"replies":[{"embeddable":true,"href":"https:\/\/status-store.com\/index.php?rest_route=%2Fwp%2Fv2%2Fcomments&post=30693"}],"version-history":[{"count":2,"href":"https:\/\/status-store.com\/index.php?rest_route=\/wp\/v2\/product\/30693\/revisions"}],"predecessor-version":[{"id":30718,"href":"https:\/\/status-store.com\/index.php?rest_route=\/wp\/v2\/product\/30693\/revisions\/30718"}],"wp:featuredmedia":[{"embeddable":true,"href":"https:\/\/status-store.com\/index.php?rest_route=\/wp\/v2\/media\/30716"}],"wp:attachment":[{"href":"https:\/\/status-store.com\/index.php?rest_route=%2Fwp%2Fv2%2Fmedia&parent=30693"}],"wp:term":[{"taxonomy":"product_brand","embeddable":true,"href":"https:\/\/status-store.com\/index.php?rest_route=%2Fwp%2Fv2%2Fproduct_brand&post=30693"},{"taxonomy":"product_cat","embeddable":true,"href":"https:\/\/status-store.com\/index.php?rest_route=%2Fwp%2Fv2%2Fproduct_cat&post=30693"},{"taxonomy":"product_tag","embeddable":true,"href":"https:\/\/status-store.com\/index.php?rest_route=%2Fwp%2Fv2%2Fproduct_tag&post=30693"}],"curies":[{"name":"wp","href":"https:\/\/api.w.org\/{rel}","templated":true}]}}