{"id":30735,"date":"2025-08-28T09:09:18","date_gmt":"2025-08-28T14:09:18","guid":{"rendered":"https:\/\/status-store.com\/?post_type=product&#038;p=30735"},"modified":"2025-08-28T09:16:30","modified_gmt":"2025-08-28T14:16:30","slug":"cinturilla-strapless-moldeadora-para-cintura-y-postura","status":"publish","type":"product","link":"https:\/\/status-store.com\/?product=cinturilla-strapless-moldeadora-para-cintura-y-postura","title":{"rendered":"Cinturilla strapless moldeadora para cintura y postura"},"content":{"rendered":"<p>Faja Cinturilla de Control Alto, fabricada en Powernet para un ajuste firme y control superior. Su dise\u00f1o est\u00e1 pensado para moldear la figura, proporcionando una mayor definici\u00f3n en la cintura.<\/p>\n","protected":false},"excerpt":{"rendered":"<p>Faja Cinturilla de Control Alto, fabricada en Powernet para un ajuste firme y control superior. Su dise\u00f1o est\u00e1 pensado para<\/p>\n","protected":false},"featured_media":30748,"comment_status":"open","ping_status":"closed","template":"","meta":[],"product_brand":[90],"product_cat":[97,73],"product_tag":[],"class_list":{"0":"post-30735","1":"product","2":"type-product","3":"status-publish","4":"has-post-thumbnail","6":"product_brand-fajate","7":"product_cat-cinturilla","8":"product_cat-mujer","10":"first","11":"instock","12":"shipping-taxable","13":"purchasable","14":"product-type-variable","15":"has-default-attributes"},"aioseo_notices":[],"_links":{"self":[{"href":"https:\/\/status-store.com\/index.php?rest_route=\/wp\/v2\/product\/30735","targetHints":{"allow":["GET"]}}],"collection":[{"href":"https:\/\/status-store.com\/index.php?rest_route=\/wp\/v2\/product"}],"about":[{"href":"https:\/\/status-store.com\/index.php?rest_route=\/wp\/v2\/types\/product"}],"replies":[{"embeddable":true,"href":"https:\/\/status-store.com\/index.php?rest_route=%2Fwp%2Fv2%2Fcomments&post=30735"}],"version-history":[{"count":2,"href":"https:\/\/status-store.com\/index.php?rest_route=\/wp\/v2\/product\/30735\/revisions"}],"predecessor-version":[{"id":30750,"href":"https:\/\/status-store.com\/index.php?rest_route=\/wp\/v2\/product\/30735\/revisions\/30750"}],"wp:featuredmedia":[{"embeddable":true,"href":"https:\/\/status-store.com\/index.php?rest_route=\/wp\/v2\/media\/30748"}],"wp:attachment":[{"href":"https:\/\/status-store.com\/index.php?rest_route=%2Fwp%2Fv2%2Fmedia&parent=30735"}],"wp:term":[{"taxonomy":"product_brand","embeddable":true,"href":"https:\/\/status-store.com\/index.php?rest_route=%2Fwp%2Fv2%2Fproduct_brand&post=30735"},{"taxonomy":"product_cat","embeddable":true,"href":"https:\/\/status-store.com\/index.php?rest_route=%2Fwp%2Fv2%2Fproduct_cat&post=30735"},{"taxonomy":"product_tag","embeddable":true,"href":"https:\/\/status-store.com\/index.php?rest_route=%2Fwp%2Fv2%2Fproduct_tag&post=30735"}],"curies":[{"name":"wp","href":"https:\/\/api.w.org\/{rel}","templated":true}]}}