{"id":30854,"date":"2025-08-28T11:18:32","date_gmt":"2025-08-28T16:18:32","guid":{"rendered":"https:\/\/status-store.com\/?post_type=product&#038;p=30854"},"modified":"2025-08-28T11:21:09","modified_gmt":"2025-08-28T16:21:09","slug":"brasier-para-embarazo-y-lactancia-con-broche-removible","status":"publish","type":"product","link":"https:\/\/status-store.com\/?product=brasier-para-embarazo-y-lactancia-con-broche-removible","title":{"rendered":"Brasier para embarazo y lactancia con broche removible"},"content":{"rendered":"<p>Bralette materno para embarazo y lactancia. Hecho de algod\u00f3n suave y ligero, ofrece un ajuste c\u00f3modo y delicado. Su dise\u00f1o innovador facilita la lactancia al permitir desabrochar un solo lado sin necesidad de quitarlo por completo.<\/p>\n","protected":false},"excerpt":{"rendered":"<p>Bralette materno para embarazo y lactancia. Hecho de algod\u00f3n suave y ligero, ofrece un ajuste c\u00f3modo y delicado. Su dise\u00f1o<\/p>\n","protected":false},"featured_media":30866,"comment_status":"open","ping_status":"closed","template":"","meta":[],"product_brand":[90],"product_cat":[81,73],"product_tag":[],"class_list":{"0":"post-30854","1":"product","2":"type-product","3":"status-publish","4":"has-post-thumbnail","6":"product_brand-fajate","7":"product_cat-bra","8":"product_cat-mujer","10":"first","11":"instock","12":"shipping-taxable","13":"purchasable","14":"product-type-variable"},"aioseo_notices":[],"_links":{"self":[{"href":"https:\/\/status-store.com\/index.php?rest_route=\/wp\/v2\/product\/30854","targetHints":{"allow":["GET"]}}],"collection":[{"href":"https:\/\/status-store.com\/index.php?rest_route=\/wp\/v2\/product"}],"about":[{"href":"https:\/\/status-store.com\/index.php?rest_route=\/wp\/v2\/types\/product"}],"replies":[{"embeddable":true,"href":"https:\/\/status-store.com\/index.php?rest_route=%2Fwp%2Fv2%2Fcomments&post=30854"}],"version-history":[{"count":1,"href":"https:\/\/status-store.com\/index.php?rest_route=\/wp\/v2\/product\/30854\/revisions"}],"predecessor-version":[{"id":30867,"href":"https:\/\/status-store.com\/index.php?rest_route=\/wp\/v2\/product\/30854\/revisions\/30867"}],"wp:featuredmedia":[{"embeddable":true,"href":"https:\/\/status-store.com\/index.php?rest_route=\/wp\/v2\/media\/30866"}],"wp:attachment":[{"href":"https:\/\/status-store.com\/index.php?rest_route=%2Fwp%2Fv2%2Fmedia&parent=30854"}],"wp:term":[{"taxonomy":"product_brand","embeddable":true,"href":"https:\/\/status-store.com\/index.php?rest_route=%2Fwp%2Fv2%2Fproduct_brand&post=30854"},{"taxonomy":"product_cat","embeddable":true,"href":"https:\/\/status-store.com\/index.php?rest_route=%2Fwp%2Fv2%2Fproduct_cat&post=30854"},{"taxonomy":"product_tag","embeddable":true,"href":"https:\/\/status-store.com\/index.php?rest_route=%2Fwp%2Fv2%2Fproduct_tag&post=30854"}],"curies":[{"name":"wp","href":"https:\/\/api.w.org\/{rel}","templated":true}]}}