{"id":30934,"date":"2025-08-28T11:58:21","date_gmt":"2025-08-28T16:58:21","guid":{"rendered":"https:\/\/status-store.com\/?post_type=product&#038;p=30934"},"modified":"2025-08-28T12:00:29","modified_gmt":"2025-08-28T17:00:29","slug":"faja-postquirurgica-de-alta-compresion-y-uso-diario","status":"publish","type":"product","link":"https:\/\/status-store.com\/?product=faja-postquirurgica-de-alta-compresion-y-uso-diario","title":{"rendered":"Faja postquir\u00fargica de alta compresi\u00f3n y uso diario"},"content":{"rendered":"<p>Faja masculina de control alto, perfecta para uso postquir\u00fargico y diario. Su tela externa asegura una compresi\u00f3n \u00f3ptima en abdomen y cintura, mientras que la interna hidrata y nutre la piel, brindando beneficios para la recuperaci\u00f3n postoperatoria y un efecto visual de hasta 2 cm menos.<\/p>\n","protected":false},"excerpt":{"rendered":"<p>Faja masculina de control alto, perfecta para uso postquir\u00fargico y diario. Su tela externa asegura una compresi\u00f3n \u00f3ptima en abdomen<\/p>\n","protected":false},"featured_media":30945,"comment_status":"open","ping_status":"closed","template":"","meta":[],"product_brand":[90],"product_cat":[102,74],"product_tag":[],"class_list":{"0":"post-30934","1":"product","2":"type-product","3":"status-publish","4":"has-post-thumbnail","6":"product_brand-fajate","7":"product_cat-fajas-cortas-hombre","8":"product_cat-hombre","10":"first","11":"instock","12":"shipping-taxable","13":"purchasable","14":"product-type-variable","15":"has-default-attributes"},"aioseo_notices":[],"_links":{"self":[{"href":"https:\/\/status-store.com\/index.php?rest_route=\/wp\/v2\/product\/30934","targetHints":{"allow":["GET"]}}],"collection":[{"href":"https:\/\/status-store.com\/index.php?rest_route=\/wp\/v2\/product"}],"about":[{"href":"https:\/\/status-store.com\/index.php?rest_route=\/wp\/v2\/types\/product"}],"replies":[{"embeddable":true,"href":"https:\/\/status-store.com\/index.php?rest_route=%2Fwp%2Fv2%2Fcomments&post=30934"}],"version-history":[{"count":2,"href":"https:\/\/status-store.com\/index.php?rest_route=\/wp\/v2\/product\/30934\/revisions"}],"predecessor-version":[{"id":30947,"href":"https:\/\/status-store.com\/index.php?rest_route=\/wp\/v2\/product\/30934\/revisions\/30947"}],"wp:featuredmedia":[{"embeddable":true,"href":"https:\/\/status-store.com\/index.php?rest_route=\/wp\/v2\/media\/30945"}],"wp:attachment":[{"href":"https:\/\/status-store.com\/index.php?rest_route=%2Fwp%2Fv2%2Fmedia&parent=30934"}],"wp:term":[{"taxonomy":"product_brand","embeddable":true,"href":"https:\/\/status-store.com\/index.php?rest_route=%2Fwp%2Fv2%2Fproduct_brand&post=30934"},{"taxonomy":"product_cat","embeddable":true,"href":"https:\/\/status-store.com\/index.php?rest_route=%2Fwp%2Fv2%2Fproduct_cat&post=30934"},{"taxonomy":"product_tag","embeddable":true,"href":"https:\/\/status-store.com\/index.php?rest_route=%2Fwp%2Fv2%2Fproduct_tag&post=30934"}],"curies":[{"name":"wp","href":"https:\/\/api.w.org\/{rel}","templated":true}]}}