{"id":30973,"date":"2025-08-28T12:06:34","date_gmt":"2025-08-28T17:06:34","guid":{"rendered":"https:\/\/status-store.com\/?post_type=product&#038;p=30973"},"modified":"2025-08-28T12:08:18","modified_gmt":"2025-08-28T17:08:18","slug":"faja-de-alta-compresion-para-rostro-menton-y-cuello-postquirurgica","status":"publish","type":"product","link":"https:\/\/status-store.com\/?product=faja-de-alta-compresion-para-rostro-menton-y-cuello-postquirurgica","title":{"rendered":"Faja de alta compresi\u00f3n para rostro, ment\u00f3n y cuello postquir\u00fargica"},"content":{"rendered":"<p>Mentonera compresiva para ment\u00f3n, cuello y cara, ideal para reducir inflamaci\u00f3n y acelerar la cicatrizaci\u00f3n tras procedimientos faciales como estiramiento, liposucci\u00f3n e implantes.<\/p>\n","protected":false},"excerpt":{"rendered":"<p>Mentonera compresiva para ment\u00f3n, cuello y cara, ideal para reducir inflamaci\u00f3n y acelerar la cicatrizaci\u00f3n tras procedimientos faciales como estiramiento,<\/p>\n","protected":false},"featured_media":30980,"comment_status":"open","ping_status":"closed","template":"","meta":[],"product_brand":[90],"product_cat":[103],"product_tag":[],"class_list":{"0":"post-30973","1":"product","2":"type-product","3":"status-publish","4":"has-post-thumbnail","6":"product_brand-fajate","7":"product_cat-mentoneras","9":"first","10":"instock","11":"shipping-taxable","12":"purchasable","13":"product-type-variable","14":"has-default-attributes"},"aioseo_notices":[],"_links":{"self":[{"href":"https:\/\/status-store.com\/index.php?rest_route=\/wp\/v2\/product\/30973","targetHints":{"allow":["GET"]}}],"collection":[{"href":"https:\/\/status-store.com\/index.php?rest_route=\/wp\/v2\/product"}],"about":[{"href":"https:\/\/status-store.com\/index.php?rest_route=\/wp\/v2\/types\/product"}],"replies":[{"embeddable":true,"href":"https:\/\/status-store.com\/index.php?rest_route=%2Fwp%2Fv2%2Fcomments&post=30973"}],"version-history":[{"count":2,"href":"https:\/\/status-store.com\/index.php?rest_route=\/wp\/v2\/product\/30973\/revisions"}],"predecessor-version":[{"id":30982,"href":"https:\/\/status-store.com\/index.php?rest_route=\/wp\/v2\/product\/30973\/revisions\/30982"}],"wp:featuredmedia":[{"embeddable":true,"href":"https:\/\/status-store.com\/index.php?rest_route=\/wp\/v2\/media\/30980"}],"wp:attachment":[{"href":"https:\/\/status-store.com\/index.php?rest_route=%2Fwp%2Fv2%2Fmedia&parent=30973"}],"wp:term":[{"taxonomy":"product_brand","embeddable":true,"href":"https:\/\/status-store.com\/index.php?rest_route=%2Fwp%2Fv2%2Fproduct_brand&post=30973"},{"taxonomy":"product_cat","embeddable":true,"href":"https:\/\/status-store.com\/index.php?rest_route=%2Fwp%2Fv2%2Fproduct_cat&post=30973"},{"taxonomy":"product_tag","embeddable":true,"href":"https:\/\/status-store.com\/index.php?rest_route=%2Fwp%2Fv2%2Fproduct_tag&post=30973"}],"curies":[{"name":"wp","href":"https:\/\/api.w.org\/{rel}","templated":true}]}}