{"id":30983,"date":"2025-08-28T12:08:59","date_gmt":"2025-08-28T17:08:59","guid":{"rendered":"https:\/\/status-store.com\/?post_type=product&#038;p=30983"},"modified":"2025-08-28T12:10:54","modified_gmt":"2025-08-28T17:10:54","slug":"mangas-de-compresion-postoperatorias-para-brazos","status":"publish","type":"product","link":"https:\/\/status-store.com\/?product=mangas-de-compresion-postoperatorias-para-brazos","title":{"rendered":"Mangas de compresi\u00f3n postoperatorias para brazos"},"content":{"rendered":"<p>Mangas de compresi\u00f3n postquir\u00fargicas para brazos, ideales tras liposucci\u00f3n en brazos o antebrazos. Reducen inflamaci\u00f3n, hematomas y aceleran la cicatrizaci\u00f3n con un dise\u00f1o c\u00f3modo y ajuste seguro.<\/p>\n","protected":false},"excerpt":{"rendered":"<p>Mangas de compresi\u00f3n postquir\u00fargicas para brazos, ideales tras liposucci\u00f3n en brazos o antebrazos. Reducen inflamaci\u00f3n, hematomas y aceleran la cicatrizaci\u00f3n<\/p>\n","protected":false},"featured_media":30990,"comment_status":"open","ping_status":"closed","template":"","meta":[],"product_brand":[90],"product_cat":[103],"product_tag":[],"class_list":{"0":"post-30983","1":"product","2":"type-product","3":"status-publish","4":"has-post-thumbnail","6":"product_brand-fajate","7":"product_cat-mentoneras","9":"first","10":"instock","11":"shipping-taxable","12":"purchasable","13":"product-type-variable","14":"has-default-attributes"},"aioseo_notices":[],"_links":{"self":[{"href":"https:\/\/status-store.com\/index.php?rest_route=\/wp\/v2\/product\/30983","targetHints":{"allow":["GET"]}}],"collection":[{"href":"https:\/\/status-store.com\/index.php?rest_route=\/wp\/v2\/product"}],"about":[{"href":"https:\/\/status-store.com\/index.php?rest_route=\/wp\/v2\/types\/product"}],"replies":[{"embeddable":true,"href":"https:\/\/status-store.com\/index.php?rest_route=%2Fwp%2Fv2%2Fcomments&post=30983"}],"version-history":[{"count":2,"href":"https:\/\/status-store.com\/index.php?rest_route=\/wp\/v2\/product\/30983\/revisions"}],"predecessor-version":[{"id":30993,"href":"https:\/\/status-store.com\/index.php?rest_route=\/wp\/v2\/product\/30983\/revisions\/30993"}],"wp:featuredmedia":[{"embeddable":true,"href":"https:\/\/status-store.com\/index.php?rest_route=\/wp\/v2\/media\/30990"}],"wp:attachment":[{"href":"https:\/\/status-store.com\/index.php?rest_route=%2Fwp%2Fv2%2Fmedia&parent=30983"}],"wp:term":[{"taxonomy":"product_brand","embeddable":true,"href":"https:\/\/status-store.com\/index.php?rest_route=%2Fwp%2Fv2%2Fproduct_brand&post=30983"},{"taxonomy":"product_cat","embeddable":true,"href":"https:\/\/status-store.com\/index.php?rest_route=%2Fwp%2Fv2%2Fproduct_cat&post=30983"},{"taxonomy":"product_tag","embeddable":true,"href":"https:\/\/status-store.com\/index.php?rest_route=%2Fwp%2Fv2%2Fproduct_tag&post=30983"}],"curies":[{"name":"wp","href":"https:\/\/api.w.org\/{rel}","templated":true}]}}