{"id":31006,"date":"2025-08-28T12:13:18","date_gmt":"2025-08-28T17:13:18","guid":{"rendered":"https:\/\/status-store.com\/?post_type=product&#038;p=31006"},"modified":"2025-08-28T12:15:04","modified_gmt":"2025-08-28T17:15:04","slug":"faja-postquirurgica-abdominal-con-espuma-y-soporte-ajustable","status":"publish","type":"product","link":"https:\/\/status-store.com\/?product=faja-postquirurgica-abdominal-con-espuma-y-soporte-ajustable","title":{"rendered":"Faja postquir\u00fargica abdominal con espuma y soporte ajustable"},"content":{"rendered":"<p>Faja abdominal postoperatoria con espuma, ideal para la fase inicial postquir\u00fargica. Protege la piel, favorece la desinflamaci\u00f3n y readherencia de la piel a la fascia muscular, promoviendo una cicatrizaci\u00f3n uniforme y sin marcas.<\/p>\n","protected":false},"excerpt":{"rendered":"<p>Faja abdominal postoperatoria con espuma, ideal para la fase inicial postquir\u00fargica. Protege la piel, favorece la desinflamaci\u00f3n y readherencia de<\/p>\n","protected":false},"featured_media":31015,"comment_status":"open","ping_status":"closed","template":"","meta":[],"product_brand":[90],"product_cat":[103],"product_tag":[],"class_list":{"0":"post-31006","1":"product","2":"type-product","3":"status-publish","4":"has-post-thumbnail","6":"product_brand-fajate","7":"product_cat-mentoneras","9":"first","10":"instock","11":"shipping-taxable","12":"purchasable","13":"product-type-variable","14":"has-default-attributes"},"aioseo_notices":[],"_links":{"self":[{"href":"https:\/\/status-store.com\/index.php?rest_route=\/wp\/v2\/product\/31006","targetHints":{"allow":["GET"]}}],"collection":[{"href":"https:\/\/status-store.com\/index.php?rest_route=\/wp\/v2\/product"}],"about":[{"href":"https:\/\/status-store.com\/index.php?rest_route=\/wp\/v2\/types\/product"}],"replies":[{"embeddable":true,"href":"https:\/\/status-store.com\/index.php?rest_route=%2Fwp%2Fv2%2Fcomments&post=31006"}],"version-history":[{"count":2,"href":"https:\/\/status-store.com\/index.php?rest_route=\/wp\/v2\/product\/31006\/revisions"}],"predecessor-version":[{"id":31017,"href":"https:\/\/status-store.com\/index.php?rest_route=\/wp\/v2\/product\/31006\/revisions\/31017"}],"wp:featuredmedia":[{"embeddable":true,"href":"https:\/\/status-store.com\/index.php?rest_route=\/wp\/v2\/media\/31015"}],"wp:attachment":[{"href":"https:\/\/status-store.com\/index.php?rest_route=%2Fwp%2Fv2%2Fmedia&parent=31006"}],"wp:term":[{"taxonomy":"product_brand","embeddable":true,"href":"https:\/\/status-store.com\/index.php?rest_route=%2Fwp%2Fv2%2Fproduct_brand&post=31006"},{"taxonomy":"product_cat","embeddable":true,"href":"https:\/\/status-store.com\/index.php?rest_route=%2Fwp%2Fv2%2Fproduct_cat&post=31006"},{"taxonomy":"product_tag","embeddable":true,"href":"https:\/\/status-store.com\/index.php?rest_route=%2Fwp%2Fv2%2Fproduct_tag&post=31006"}],"curies":[{"name":"wp","href":"https:\/\/api.w.org\/{rel}","templated":true}]}}