{"id":31030,"date":"2025-08-28T12:19:02","date_gmt":"2025-08-28T17:19:02","guid":{"rendered":"https:\/\/status-store.com\/?post_type=product&#038;p=31030"},"modified":"2025-08-28T12:21:00","modified_gmt":"2025-08-28T17:21:00","slug":"jabon-especializado-para-fajas-y-prendas-elasticas-con-vitamina-e","status":"publish","type":"product","link":"https:\/\/status-store.com\/?product=jabon-especializado-para-fajas-y-prendas-elasticas-con-vitamina-e","title":{"rendered":"Jab\u00f3n especializado para fajas y prendas el\u00e1sticas con vitamina E"},"content":{"rendered":"<p>Jab\u00f3n especializado para prendas el\u00e1sticas, ideal para fajas, medias, ropa \u00edntima y lencer\u00eda. Remueve fluidos corporales sin da\u00f1ar los tejidos, dejando una textura suave y aroma agradable.<\/p>\n","protected":false},"excerpt":{"rendered":"<p>Jab\u00f3n especializado para prendas el\u00e1sticas, ideal para fajas, medias, ropa \u00edntima y lencer\u00eda. Remueve fluidos corporales sin da\u00f1ar los tejidos,<\/p>\n","protected":false},"featured_media":31032,"comment_status":"open","ping_status":"closed","template":"","meta":[],"product_brand":[90],"product_cat":[103],"product_tag":[],"class_list":{"0":"post-31030","1":"product","2":"type-product","3":"status-publish","4":"has-post-thumbnail","6":"product_brand-fajate","7":"product_cat-mentoneras","9":"first","10":"instock","11":"shipping-taxable","12":"purchasable","13":"product-type-variable"},"aioseo_notices":[],"_links":{"self":[{"href":"https:\/\/status-store.com\/index.php?rest_route=\/wp\/v2\/product\/31030","targetHints":{"allow":["GET"]}}],"collection":[{"href":"https:\/\/status-store.com\/index.php?rest_route=\/wp\/v2\/product"}],"about":[{"href":"https:\/\/status-store.com\/index.php?rest_route=\/wp\/v2\/types\/product"}],"replies":[{"embeddable":true,"href":"https:\/\/status-store.com\/index.php?rest_route=%2Fwp%2Fv2%2Fcomments&post=31030"}],"version-history":[{"count":1,"href":"https:\/\/status-store.com\/index.php?rest_route=\/wp\/v2\/product\/31030\/revisions"}],"predecessor-version":[{"id":31035,"href":"https:\/\/status-store.com\/index.php?rest_route=\/wp\/v2\/product\/31030\/revisions\/31035"}],"wp:featuredmedia":[{"embeddable":true,"href":"https:\/\/status-store.com\/index.php?rest_route=\/wp\/v2\/media\/31032"}],"wp:attachment":[{"href":"https:\/\/status-store.com\/index.php?rest_route=%2Fwp%2Fv2%2Fmedia&parent=31030"}],"wp:term":[{"taxonomy":"product_brand","embeddable":true,"href":"https:\/\/status-store.com\/index.php?rest_route=%2Fwp%2Fv2%2Fproduct_brand&post=31030"},{"taxonomy":"product_cat","embeddable":true,"href":"https:\/\/status-store.com\/index.php?rest_route=%2Fwp%2Fv2%2Fproduct_cat&post=31030"},{"taxonomy":"product_tag","embeddable":true,"href":"https:\/\/status-store.com\/index.php?rest_route=%2Fwp%2Fv2%2Fproduct_tag&post=31030"}],"curies":[{"name":"wp","href":"https:\/\/api.w.org\/{rel}","templated":true}]}}