{"id":31233,"date":"2025-08-31T13:05:22","date_gmt":"2025-08-31T18:05:22","guid":{"rendered":"https:\/\/status-store.com\/?post_type=product&#038;p=31233"},"modified":"2025-08-31T13:08:49","modified_gmt":"2025-08-31T18:08:49","slug":"faja-larga-marilyn","status":"publish","type":"product","link":"https:\/\/status-store.com\/?product=faja-larga-marilyn","title":{"rendered":"Faja larga Marilyn"},"content":{"rendered":"<p>Su dise\u00f1o incluye costuras planas ultra discretas que no se marcan bajo la ropa, un cubrimiento completo en axilas y espalda para corregir la postura, y tiras removibles que se adaptan a tu comodidad. Adem\u00e1s, incorpora un sistema perineal con cremallera, pensado para facilitar su uso. Es ideal para cuerpos con alta diferencia entre cadera y cintura, siendo una gran aliada para uso diario, control abdominal o procesos est\u00e9ticos y bari\u00e1tricos con p\u00e9rdida r\u00e1pida de medidas.<\/p>\n","protected":false},"excerpt":{"rendered":"<p>Su dise\u00f1o incluye costuras planas ultra discretas que no se marcan bajo la ropa, un cubrimiento completo en axilas y<\/p>\n","protected":false},"featured_media":31261,"comment_status":"open","ping_status":"closed","template":"","meta":[],"product_brand":[116],"product_cat":[85,73],"product_tag":[],"class_list":{"0":"post-31233","1":"product","2":"type-product","3":"status-publish","4":"has-post-thumbnail","6":"product_brand-fajiex","7":"product_cat-fajas-por-debajo-de-la-rodilla","8":"product_cat-mujer","10":"first","11":"instock","12":"shipping-taxable","13":"purchasable","14":"product-type-variable","15":"has-default-attributes"},"aioseo_notices":[],"_links":{"self":[{"href":"https:\/\/status-store.com\/index.php?rest_route=\/wp\/v2\/product\/31233","targetHints":{"allow":["GET"]}}],"collection":[{"href":"https:\/\/status-store.com\/index.php?rest_route=\/wp\/v2\/product"}],"about":[{"href":"https:\/\/status-store.com\/index.php?rest_route=\/wp\/v2\/types\/product"}],"replies":[{"embeddable":true,"href":"https:\/\/status-store.com\/index.php?rest_route=%2Fwp%2Fv2%2Fcomments&post=31233"}],"version-history":[{"count":2,"href":"https:\/\/status-store.com\/index.php?rest_route=\/wp\/v2\/product\/31233\/revisions"}],"predecessor-version":[{"id":31263,"href":"https:\/\/status-store.com\/index.php?rest_route=\/wp\/v2\/product\/31233\/revisions\/31263"}],"wp:featuredmedia":[{"embeddable":true,"href":"https:\/\/status-store.com\/index.php?rest_route=\/wp\/v2\/media\/31261"}],"wp:attachment":[{"href":"https:\/\/status-store.com\/index.php?rest_route=%2Fwp%2Fv2%2Fmedia&parent=31233"}],"wp:term":[{"taxonomy":"product_brand","embeddable":true,"href":"https:\/\/status-store.com\/index.php?rest_route=%2Fwp%2Fv2%2Fproduct_brand&post=31233"},{"taxonomy":"product_cat","embeddable":true,"href":"https:\/\/status-store.com\/index.php?rest_route=%2Fwp%2Fv2%2Fproduct_cat&post=31233"},{"taxonomy":"product_tag","embeddable":true,"href":"https:\/\/status-store.com\/index.php?rest_route=%2Fwp%2Fv2%2Fproduct_tag&post=31233"}],"curies":[{"name":"wp","href":"https:\/\/api.w.org\/{rel}","templated":true}]}}