{"id":31264,"date":"2025-08-31T13:15:55","date_gmt":"2025-08-31T18:15:55","guid":{"rendered":"https:\/\/status-store.com\/?post_type=product&#038;p=31264"},"modified":"2025-08-31T13:18:14","modified_gmt":"2025-08-31T18:18:14","slug":"faja-extracorta-strapless","status":"publish","type":"product","link":"https:\/\/status-store.com\/?product=faja-extracorta-strapless","title":{"rendered":"Faja extracorta strapless"},"content":{"rendered":"<p>Faja extra corta strapless de alta compresi\u00f3n, dise\u00f1ada para moldear y controlar el abdomen, reduciendo hasta 4 cm en la cintura de manera instant\u00e1nea. Su dise\u00f1o \u00fanico &#8220;Ideal Shape&#8221; con maya abdominal anat\u00f3mica armoniza las curvas, obteniendo un abdomen m\u00e1s plano y una talla menos. Adem\u00e1s, realza y moldea los gl\u00fateos con su tecnolog\u00eda &#8220;Perfect Push Up&#8221;, brindando firmeza y un levantamiento natural. Ideal para usar bajo prendas ajustadas, esta faja tambi\u00e9n proporciona soporte en la espalda, permitiendo una mayor comodidad durante todo el d\u00eda.<\/p>\n","protected":false},"excerpt":{"rendered":"<p>Faja extra corta strapless de alta compresi\u00f3n, dise\u00f1ada para moldear y controlar el abdomen, reduciendo hasta 4 cm en la<\/p>\n","protected":false},"featured_media":31283,"comment_status":"open","ping_status":"closed","template":"","meta":[],"product_brand":[116],"product_cat":[84,73],"product_tag":[],"class_list":{"0":"post-31264","1":"product","2":"type-product","3":"status-publish","4":"has-post-thumbnail","6":"product_brand-fajiex","7":"product_cat-fajas-cortas","8":"product_cat-mujer","10":"first","11":"instock","12":"shipping-taxable","13":"purchasable","14":"product-type-variable","15":"has-default-attributes"},"aioseo_notices":[],"_links":{"self":[{"href":"https:\/\/status-store.com\/index.php?rest_route=\/wp\/v2\/product\/31264","targetHints":{"allow":["GET"]}}],"collection":[{"href":"https:\/\/status-store.com\/index.php?rest_route=\/wp\/v2\/product"}],"about":[{"href":"https:\/\/status-store.com\/index.php?rest_route=\/wp\/v2\/types\/product"}],"replies":[{"embeddable":true,"href":"https:\/\/status-store.com\/index.php?rest_route=%2Fwp%2Fv2%2Fcomments&post=31264"}],"version-history":[{"count":2,"href":"https:\/\/status-store.com\/index.php?rest_route=\/wp\/v2\/product\/31264\/revisions"}],"predecessor-version":[{"id":31285,"href":"https:\/\/status-store.com\/index.php?rest_route=\/wp\/v2\/product\/31264\/revisions\/31285"}],"wp:featuredmedia":[{"embeddable":true,"href":"https:\/\/status-store.com\/index.php?rest_route=\/wp\/v2\/media\/31283"}],"wp:attachment":[{"href":"https:\/\/status-store.com\/index.php?rest_route=%2Fwp%2Fv2%2Fmedia&parent=31264"}],"wp:term":[{"taxonomy":"product_brand","embeddable":true,"href":"https:\/\/status-store.com\/index.php?rest_route=%2Fwp%2Fv2%2Fproduct_brand&post=31264"},{"taxonomy":"product_cat","embeddable":true,"href":"https:\/\/status-store.com\/index.php?rest_route=%2Fwp%2Fv2%2Fproduct_cat&post=31264"},{"taxonomy":"product_tag","embeddable":true,"href":"https:\/\/status-store.com\/index.php?rest_route=%2Fwp%2Fv2%2Fproduct_tag&post=31264"}],"curies":[{"name":"wp","href":"https:\/\/api.w.org\/{rel}","templated":true}]}}