{"id":31286,"date":"2025-08-31T13:23:49","date_gmt":"2025-08-31T18:23:49","guid":{"rendered":"https:\/\/status-store.com\/?post_type=product&#038;p=31286"},"modified":"2025-09-05T12:44:44","modified_gmt":"2025-09-05T17:44:44","slug":"short-levantacola-corto-descaderado","status":"publish","type":"product","link":"https:\/\/status-store.com\/?product=short-levantacola-corto-descaderado","title":{"rendered":"Short Levantacola corto descaderado"},"content":{"rendered":"<p>Short Levantacola Extra Corto Descaderado permite un realce perfecto, mientras que su dise\u00f1o descaderado moldea tu figura para lograr un look sensacional. Cuenta con microc\u00e1psulas hidratantes en su tela, cuida tu piel mientras estiliza tu figura. Disponible en colores cl\u00e1sicos y vers\u00e1tiles que se adaptan a cualquier estilo y ocasi\u00f3n.<\/p>\n","protected":false},"excerpt":{"rendered":"<p>Short Levantacola Extra Corto Descaderado permite un realce perfecto, mientras que su dise\u00f1o descaderado moldea tu figura para lograr un<\/p>\n","protected":false},"featured_media":31307,"comment_status":"open","ping_status":"closed","template":"","meta":[],"product_brand":[116],"product_cat":[73,100],"product_tag":[],"class_list":{"0":"post-31286","1":"product","2":"type-product","3":"status-publish","4":"has-post-thumbnail","6":"product_brand-fajiex","7":"product_cat-mujer","8":"product_cat-panty","10":"first","11":"instock","12":"shipping-taxable","13":"purchasable","14":"product-type-variable","15":"has-default-attributes"},"aioseo_notices":[],"_links":{"self":[{"href":"https:\/\/status-store.com\/index.php?rest_route=\/wp\/v2\/product\/31286","targetHints":{"allow":["GET"]}}],"collection":[{"href":"https:\/\/status-store.com\/index.php?rest_route=\/wp\/v2\/product"}],"about":[{"href":"https:\/\/status-store.com\/index.php?rest_route=\/wp\/v2\/types\/product"}],"replies":[{"embeddable":true,"href":"https:\/\/status-store.com\/index.php?rest_route=%2Fwp%2Fv2%2Fcomments&post=31286"}],"version-history":[{"count":1,"href":"https:\/\/status-store.com\/index.php?rest_route=\/wp\/v2\/product\/31286\/revisions"}],"predecessor-version":[{"id":31308,"href":"https:\/\/status-store.com\/index.php?rest_route=\/wp\/v2\/product\/31286\/revisions\/31308"}],"wp:featuredmedia":[{"embeddable":true,"href":"https:\/\/status-store.com\/index.php?rest_route=\/wp\/v2\/media\/31307"}],"wp:attachment":[{"href":"https:\/\/status-store.com\/index.php?rest_route=%2Fwp%2Fv2%2Fmedia&parent=31286"}],"wp:term":[{"taxonomy":"product_brand","embeddable":true,"href":"https:\/\/status-store.com\/index.php?rest_route=%2Fwp%2Fv2%2Fproduct_brand&post=31286"},{"taxonomy":"product_cat","embeddable":true,"href":"https:\/\/status-store.com\/index.php?rest_route=%2Fwp%2Fv2%2Fproduct_cat&post=31286"},{"taxonomy":"product_tag","embeddable":true,"href":"https:\/\/status-store.com\/index.php?rest_route=%2Fwp%2Fv2%2Fproduct_tag&post=31286"}],"curies":[{"name":"wp","href":"https:\/\/api.w.org\/{rel}","templated":true}]}}