{"id":31309,"date":"2025-08-31T13:28:40","date_gmt":"2025-08-31T18:28:40","guid":{"rendered":"https:\/\/status-store.com\/?post_type=product&#038;p=31309"},"modified":"2025-09-05T12:44:53","modified_gmt":"2025-09-05T17:44:53","slug":"short-levantacola-talle-medio","status":"publish","type":"product","link":"https:\/\/status-store.com\/?product=short-levantacola-talle-medio","title":{"rendered":"Short Levantacola Talle Medio"},"content":{"rendered":"<p>Short Levantacola Talle Medio con control de abdomen, reducci\u00f3n de cintura y banda antideslizante superior, moldear\u00e1 toda tu cadera, logrando un levantamiento de gl\u00fateos con apariencia natural. Podr\u00e1s lucir caderas m\u00e1s grandes, firmes y redondas, con un incre\u00edble derrier. Gracias a su tecnolog\u00eda de refuerzos alineados a la anatom\u00eda del gl\u00fateo &#8220;Perfect Push-Up&#8221;, proporciona firmeza y moldeo perfecto de cadera.<\/p>\n","protected":false},"excerpt":{"rendered":"<p>Short Levantacola Talle Medio con control de abdomen, reducci\u00f3n de cintura y banda antideslizante superior, moldear\u00e1 toda tu cadera, logrando<\/p>\n","protected":false},"featured_media":31324,"comment_status":"open","ping_status":"closed","template":"","meta":[],"product_brand":[116],"product_cat":[73,100],"product_tag":[],"class_list":{"0":"post-31309","1":"product","2":"type-product","3":"status-publish","4":"has-post-thumbnail","6":"product_brand-fajiex","7":"product_cat-mujer","8":"product_cat-panty","10":"first","11":"instock","12":"shipping-taxable","13":"purchasable","14":"product-type-variable","15":"has-default-attributes"},"aioseo_notices":[],"_links":{"self":[{"href":"https:\/\/status-store.com\/index.php?rest_route=\/wp\/v2\/product\/31309","targetHints":{"allow":["GET"]}}],"collection":[{"href":"https:\/\/status-store.com\/index.php?rest_route=\/wp\/v2\/product"}],"about":[{"href":"https:\/\/status-store.com\/index.php?rest_route=\/wp\/v2\/types\/product"}],"replies":[{"embeddable":true,"href":"https:\/\/status-store.com\/index.php?rest_route=%2Fwp%2Fv2%2Fcomments&post=31309"}],"version-history":[{"count":2,"href":"https:\/\/status-store.com\/index.php?rest_route=\/wp\/v2\/product\/31309\/revisions"}],"predecessor-version":[{"id":31331,"href":"https:\/\/status-store.com\/index.php?rest_route=\/wp\/v2\/product\/31309\/revisions\/31331"}],"wp:featuredmedia":[{"embeddable":true,"href":"https:\/\/status-store.com\/index.php?rest_route=\/wp\/v2\/media\/31324"}],"wp:attachment":[{"href":"https:\/\/status-store.com\/index.php?rest_route=%2Fwp%2Fv2%2Fmedia&parent=31309"}],"wp:term":[{"taxonomy":"product_brand","embeddable":true,"href":"https:\/\/status-store.com\/index.php?rest_route=%2Fwp%2Fv2%2Fproduct_brand&post=31309"},{"taxonomy":"product_cat","embeddable":true,"href":"https:\/\/status-store.com\/index.php?rest_route=%2Fwp%2Fv2%2Fproduct_cat&post=31309"},{"taxonomy":"product_tag","embeddable":true,"href":"https:\/\/status-store.com\/index.php?rest_route=%2Fwp%2Fv2%2Fproduct_tag&post=31309"}],"curies":[{"name":"wp","href":"https:\/\/api.w.org\/{rel}","templated":true}]}}