{"id":31369,"date":"2025-09-01T03:36:03","date_gmt":"2025-09-01T08:36:03","guid":{"rendered":"https:\/\/status-store.com\/?post_type=product&#038;p=31369"},"modified":"2025-09-05T12:45:03","modified_gmt":"2025-09-05T17:45:03","slug":"short-de-control-a-la-cintura","status":"publish","type":"product","link":"https:\/\/status-store.com\/?product=short-de-control-a-la-cintura","title":{"rendered":"Short de control a la cintura"},"content":{"rendered":"<p>Este short te ofrece el control y la definici\u00f3n que tu cuerpo merece, manteniendo el abdomen plano y firme sin perder comodidad. Con un dise\u00f1o que se adapta perfectamente a ti, su sistema de apertura te brinda mayor facilidad y confort, permiti\u00e9ndote disfrutar de su uso en cualquier momento, incluso en etapas postquir\u00fargicas.<\/p>\n","protected":false},"excerpt":{"rendered":"<p>Este short te ofrece el control y la definici\u00f3n que tu cuerpo merece, manteniendo el abdomen plano y firme sin<\/p>\n","protected":false},"featured_media":31409,"comment_status":"open","ping_status":"closed","template":"","meta":[],"product_brand":[118],"product_cat":[73,100],"product_tag":[],"class_list":{"0":"post-31369","1":"product","2":"type-product","3":"status-publish","4":"has-post-thumbnail","6":"product_brand-mariae","7":"product_cat-mujer","8":"product_cat-panty","10":"first","11":"instock","12":"shipping-taxable","13":"purchasable","14":"product-type-variable","15":"has-default-attributes"},"aioseo_notices":[],"_links":{"self":[{"href":"https:\/\/status-store.com\/index.php?rest_route=\/wp\/v2\/product\/31369","targetHints":{"allow":["GET"]}}],"collection":[{"href":"https:\/\/status-store.com\/index.php?rest_route=\/wp\/v2\/product"}],"about":[{"href":"https:\/\/status-store.com\/index.php?rest_route=\/wp\/v2\/types\/product"}],"replies":[{"embeddable":true,"href":"https:\/\/status-store.com\/index.php?rest_route=%2Fwp%2Fv2%2Fcomments&post=31369"}],"version-history":[{"count":1,"href":"https:\/\/status-store.com\/index.php?rest_route=\/wp\/v2\/product\/31369\/revisions"}],"predecessor-version":[{"id":31421,"href":"https:\/\/status-store.com\/index.php?rest_route=\/wp\/v2\/product\/31369\/revisions\/31421"}],"wp:featuredmedia":[{"embeddable":true,"href":"https:\/\/status-store.com\/index.php?rest_route=\/wp\/v2\/media\/31409"}],"wp:attachment":[{"href":"https:\/\/status-store.com\/index.php?rest_route=%2Fwp%2Fv2%2Fmedia&parent=31369"}],"wp:term":[{"taxonomy":"product_brand","embeddable":true,"href":"https:\/\/status-store.com\/index.php?rest_route=%2Fwp%2Fv2%2Fproduct_brand&post=31369"},{"taxonomy":"product_cat","embeddable":true,"href":"https:\/\/status-store.com\/index.php?rest_route=%2Fwp%2Fv2%2Fproduct_cat&post=31369"},{"taxonomy":"product_tag","embeddable":true,"href":"https:\/\/status-store.com\/index.php?rest_route=%2Fwp%2Fv2%2Fproduct_tag&post=31369"}],"curies":[{"name":"wp","href":"https:\/\/api.w.org\/{rel}","templated":true}]}}