{"id":31422,"date":"2025-09-01T04:09:03","date_gmt":"2025-09-01T09:09:03","guid":{"rendered":"https:\/\/status-store.com\/?post_type=product&#038;p=31422"},"modified":"2025-09-05T12:44:10","modified_gmt":"2025-09-05T17:44:10","slug":"short-de-control-talle-alto","status":"publish","type":"product","link":"https:\/\/status-store.com\/?product=short-de-control-talle-alto","title":{"rendered":"Short de control talle alto"},"content":{"rendered":"<p>Esta versi\u00f3n no solo te ayuda a mantener el abdomen plano, sino que redefine tu cintura de una manera impresionante, d\u00e1ndote una horma perfectamente definida que te har\u00e1 sentir poderosa. El refuerzo abdominal te da el control que necesitas para que cada curva se vea y se sienta incre\u00edble.<\/p>\n","protected":false},"excerpt":{"rendered":"<p>Esta versi\u00f3n no solo te ayuda a mantener el abdomen plano, sino que redefine tu cintura de una manera impresionante,<\/p>\n","protected":false},"featured_media":31479,"comment_status":"open","ping_status":"closed","template":"","meta":[],"product_brand":[118],"product_cat":[73,100],"product_tag":[],"class_list":{"0":"post-31422","1":"product","2":"type-product","3":"status-publish","4":"has-post-thumbnail","6":"product_brand-mariae","7":"product_cat-mujer","8":"product_cat-panty","10":"first","11":"instock","12":"shipping-taxable","13":"purchasable","14":"product-type-variable","15":"has-default-attributes"},"aioseo_notices":[],"_links":{"self":[{"href":"https:\/\/status-store.com\/index.php?rest_route=\/wp\/v2\/product\/31422","targetHints":{"allow":["GET"]}}],"collection":[{"href":"https:\/\/status-store.com\/index.php?rest_route=\/wp\/v2\/product"}],"about":[{"href":"https:\/\/status-store.com\/index.php?rest_route=\/wp\/v2\/types\/product"}],"replies":[{"embeddable":true,"href":"https:\/\/status-store.com\/index.php?rest_route=%2Fwp%2Fv2%2Fcomments&post=31422"}],"version-history":[{"count":2,"href":"https:\/\/status-store.com\/index.php?rest_route=\/wp\/v2\/product\/31422\/revisions"}],"predecessor-version":[{"id":31496,"href":"https:\/\/status-store.com\/index.php?rest_route=\/wp\/v2\/product\/31422\/revisions\/31496"}],"wp:featuredmedia":[{"embeddable":true,"href":"https:\/\/status-store.com\/index.php?rest_route=\/wp\/v2\/media\/31479"}],"wp:attachment":[{"href":"https:\/\/status-store.com\/index.php?rest_route=%2Fwp%2Fv2%2Fmedia&parent=31422"}],"wp:term":[{"taxonomy":"product_brand","embeddable":true,"href":"https:\/\/status-store.com\/index.php?rest_route=%2Fwp%2Fv2%2Fproduct_brand&post=31422"},{"taxonomy":"product_cat","embeddable":true,"href":"https:\/\/status-store.com\/index.php?rest_route=%2Fwp%2Fv2%2Fproduct_cat&post=31422"},{"taxonomy":"product_tag","embeddable":true,"href":"https:\/\/status-store.com\/index.php?rest_route=%2Fwp%2Fv2%2Fproduct_tag&post=31422"}],"curies":[{"name":"wp","href":"https:\/\/api.w.org\/{rel}","templated":true}]}}