{"id":31555,"date":"2025-09-01T06:19:48","date_gmt":"2025-09-01T11:19:48","guid":{"rendered":"https:\/\/status-store.com\/?post_type=product&#038;p=31555"},"modified":"2025-09-01T06:21:57","modified_gmt":"2025-09-01T11:21:57","slug":"faja-con-varillas-en-powernet","status":"publish","type":"product","link":"https:\/\/status-store.com\/?product=faja-con-varillas-en-powernet","title":{"rendered":"Faja con Varillas en Powernet"},"content":{"rendered":"<p>Si usas una faja con el prop\u00f3sito correcto y de forma regular para que tu cuerpo se adapte, \u00a1Claro que te va a funcionar! Esta faja moldeadora la puedes usar todos los d\u00edas para un mejor moldeo. Su dise\u00f1o te permite lograr una compresi\u00f3n fuerte en las principales zonas de tu cuerpo, tales como: espalda, abdomen, cintura y gl\u00fateos.<\/p>\n","protected":false},"excerpt":{"rendered":"<p>Si usas una faja con el prop\u00f3sito correcto y de forma regular para que tu cuerpo se adapte, \u00a1Claro que<\/p>\n","protected":false},"featured_media":31579,"comment_status":"open","ping_status":"closed","template":"","meta":[],"product_brand":[118],"product_cat":[84,80,73],"product_tag":[],"class_list":{"0":"post-31555","1":"product","2":"type-product","3":"status-publish","4":"has-post-thumbnail","6":"product_brand-mariae","7":"product_cat-fajas-cortas","8":"product_cat-fajas","9":"product_cat-mujer","11":"first","12":"instock","13":"shipping-taxable","14":"purchasable","15":"product-type-variable"},"aioseo_notices":[],"_links":{"self":[{"href":"https:\/\/status-store.com\/index.php?rest_route=\/wp\/v2\/product\/31555","targetHints":{"allow":["GET"]}}],"collection":[{"href":"https:\/\/status-store.com\/index.php?rest_route=\/wp\/v2\/product"}],"about":[{"href":"https:\/\/status-store.com\/index.php?rest_route=\/wp\/v2\/types\/product"}],"replies":[{"embeddable":true,"href":"https:\/\/status-store.com\/index.php?rest_route=%2Fwp%2Fv2%2Fcomments&post=31555"}],"version-history":[{"count":2,"href":"https:\/\/status-store.com\/index.php?rest_route=\/wp\/v2\/product\/31555\/revisions"}],"predecessor-version":[{"id":31584,"href":"https:\/\/status-store.com\/index.php?rest_route=\/wp\/v2\/product\/31555\/revisions\/31584"}],"wp:featuredmedia":[{"embeddable":true,"href":"https:\/\/status-store.com\/index.php?rest_route=\/wp\/v2\/media\/31579"}],"wp:attachment":[{"href":"https:\/\/status-store.com\/index.php?rest_route=%2Fwp%2Fv2%2Fmedia&parent=31555"}],"wp:term":[{"taxonomy":"product_brand","embeddable":true,"href":"https:\/\/status-store.com\/index.php?rest_route=%2Fwp%2Fv2%2Fproduct_brand&post=31555"},{"taxonomy":"product_cat","embeddable":true,"href":"https:\/\/status-store.com\/index.php?rest_route=%2Fwp%2Fv2%2Fproduct_cat&post=31555"},{"taxonomy":"product_tag","embeddable":true,"href":"https:\/\/status-store.com\/index.php?rest_route=%2Fwp%2Fv2%2Fproduct_tag&post=31555"}],"curies":[{"name":"wp","href":"https:\/\/api.w.org\/{rel}","templated":true}]}}