{"id":31585,"date":"2025-09-01T06:28:06","date_gmt":"2025-09-01T11:28:06","guid":{"rendered":"https:\/\/status-store.com\/?post_type=product&#038;p=31585"},"modified":"2025-09-05T12:43:58","modified_gmt":"2025-09-05T17:43:58","slug":"panty-control-fuerte","status":"publish","type":"product","link":"https:\/\/status-store.com\/?product=panty-control-fuerte","title":{"rendered":"Panty control fuerte"},"content":{"rendered":"<p>El panty con el que tanto has so\u00f1ado lo tenemos en Mar\u00edaE. Cubre hasta la cintura y, con su realce natural, le da volumen a tu figura, ofreci\u00e9ndote la comodidad y confianza que mereces para brillar con cada paso.<\/p>\n","protected":false},"excerpt":{"rendered":"<p>El panty con el que tanto has so\u00f1ado lo tenemos en Mar\u00edaE. Cubre hasta la cintura y, con su realce<\/p>\n","protected":false},"featured_media":31634,"comment_status":"open","ping_status":"closed","template":"","meta":[],"product_brand":[118],"product_cat":[73,100],"product_tag":[],"class_list":{"0":"post-31585","1":"product","2":"type-product","3":"status-publish","4":"has-post-thumbnail","6":"product_brand-mariae","7":"product_cat-mujer","8":"product_cat-panty","10":"first","11":"instock","12":"shipping-taxable","13":"purchasable","14":"product-type-variable","15":"has-default-attributes"},"aioseo_notices":[],"_links":{"self":[{"href":"https:\/\/status-store.com\/index.php?rest_route=\/wp\/v2\/product\/31585","targetHints":{"allow":["GET"]}}],"collection":[{"href":"https:\/\/status-store.com\/index.php?rest_route=\/wp\/v2\/product"}],"about":[{"href":"https:\/\/status-store.com\/index.php?rest_route=\/wp\/v2\/types\/product"}],"replies":[{"embeddable":true,"href":"https:\/\/status-store.com\/index.php?rest_route=%2Fwp%2Fv2%2Fcomments&post=31585"}],"version-history":[{"count":2,"href":"https:\/\/status-store.com\/index.php?rest_route=\/wp\/v2\/product\/31585\/revisions"}],"predecessor-version":[{"id":31641,"href":"https:\/\/status-store.com\/index.php?rest_route=\/wp\/v2\/product\/31585\/revisions\/31641"}],"wp:featuredmedia":[{"embeddable":true,"href":"https:\/\/status-store.com\/index.php?rest_route=\/wp\/v2\/media\/31634"}],"wp:attachment":[{"href":"https:\/\/status-store.com\/index.php?rest_route=%2Fwp%2Fv2%2Fmedia&parent=31585"}],"wp:term":[{"taxonomy":"product_brand","embeddable":true,"href":"https:\/\/status-store.com\/index.php?rest_route=%2Fwp%2Fv2%2Fproduct_brand&post=31585"},{"taxonomy":"product_cat","embeddable":true,"href":"https:\/\/status-store.com\/index.php?rest_route=%2Fwp%2Fv2%2Fproduct_cat&post=31585"},{"taxonomy":"product_tag","embeddable":true,"href":"https:\/\/status-store.com\/index.php?rest_route=%2Fwp%2Fv2%2Fproduct_tag&post=31585"}],"curies":[{"name":"wp","href":"https:\/\/api.w.org\/{rel}","templated":true}]}}