{"id":31642,"date":"2025-09-01T06:34:34","date_gmt":"2025-09-01T11:34:34","guid":{"rendered":"https:\/\/status-store.com\/?post_type=product&#038;p=31642"},"modified":"2025-09-05T12:43:45","modified_gmt":"2025-09-05T17:43:45","slug":"short-moldeador-talle-alto-en-powernet","status":"publish","type":"product","link":"https:\/\/status-store.com\/?product=short-moldeador-talle-alto-en-powernet","title":{"rendered":"Short moldeador talle alto en Powernet"},"content":{"rendered":"<p>Esta versi\u00f3n te ayuda a mantener el abdomen plano, d\u00e1ndote un plus de seguridad y confianza. Su refuerzo flexible se adapta a tu cuerpo, brind\u00e1ndote el control perfecto sin sacrificar comodidad. Adem\u00e1s, la parte de la cola est\u00e1 dise\u00f1ada para realzar tus curvas, creando un efecto m\u00e1s definido y natural.<\/p>\n","protected":false},"excerpt":{"rendered":"<p>Esta versi\u00f3n te ayuda a mantener el abdomen plano, d\u00e1ndote un plus de seguridad y confianza. Su refuerzo flexible se<\/p>\n","protected":false},"featured_media":31666,"comment_status":"open","ping_status":"closed","template":"","meta":[],"product_brand":[118],"product_cat":[73,100],"product_tag":[],"class_list":{"0":"post-31642","1":"product","2":"type-product","3":"status-publish","4":"has-post-thumbnail","6":"product_brand-mariae","7":"product_cat-mujer","8":"product_cat-panty","10":"first","11":"instock","12":"shipping-taxable","13":"purchasable","14":"product-type-variable","15":"has-default-attributes"},"aioseo_notices":[],"_links":{"self":[{"href":"https:\/\/status-store.com\/index.php?rest_route=\/wp\/v2\/product\/31642","targetHints":{"allow":["GET"]}}],"collection":[{"href":"https:\/\/status-store.com\/index.php?rest_route=\/wp\/v2\/product"}],"about":[{"href":"https:\/\/status-store.com\/index.php?rest_route=\/wp\/v2\/types\/product"}],"replies":[{"embeddable":true,"href":"https:\/\/status-store.com\/index.php?rest_route=%2Fwp%2Fv2%2Fcomments&post=31642"}],"version-history":[{"count":2,"href":"https:\/\/status-store.com\/index.php?rest_route=\/wp\/v2\/product\/31642\/revisions"}],"predecessor-version":[{"id":31676,"href":"https:\/\/status-store.com\/index.php?rest_route=\/wp\/v2\/product\/31642\/revisions\/31676"}],"wp:featuredmedia":[{"embeddable":true,"href":"https:\/\/status-store.com\/index.php?rest_route=\/wp\/v2\/media\/31666"}],"wp:attachment":[{"href":"https:\/\/status-store.com\/index.php?rest_route=%2Fwp%2Fv2%2Fmedia&parent=31642"}],"wp:term":[{"taxonomy":"product_brand","embeddable":true,"href":"https:\/\/status-store.com\/index.php?rest_route=%2Fwp%2Fv2%2Fproduct_brand&post=31642"},{"taxonomy":"product_cat","embeddable":true,"href":"https:\/\/status-store.com\/index.php?rest_route=%2Fwp%2Fv2%2Fproduct_cat&post=31642"},{"taxonomy":"product_tag","embeddable":true,"href":"https:\/\/status-store.com\/index.php?rest_route=%2Fwp%2Fv2%2Fproduct_tag&post=31642"}],"curies":[{"name":"wp","href":"https:\/\/api.w.org\/{rel}","templated":true}]}}