{"id":31723,"date":"2025-09-01T07:01:54","date_gmt":"2025-09-01T12:01:54","guid":{"rendered":"https:\/\/status-store.com\/?post_type=product&#038;p=31723"},"modified":"2025-09-05T12:43:35","modified_gmt":"2025-09-05T17:43:35","slug":"short-de-control-a-la-cintura-2","status":"publish","type":"product","link":"https:\/\/status-store.com\/?product=short-de-control-a-la-cintura-2","title":{"rendered":"Short de control a la cintura"},"content":{"rendered":"<p>Con el FU100, tu figura se redefine. Su dise\u00f1o realza tu gl\u00fateo, d\u00e1ndole una forma m\u00e1s redonda y firme, mientras que la lycra sube hasta el derrier para ofrecer una definici\u00f3n perfecta. El ajuste perfecto se encarga de brindarte mayor compresi\u00f3n en el abdomen bajo, asegurando un control total sin perder comodidad.<\/p>\n","protected":false},"excerpt":{"rendered":"<p>Con el FU100, tu figura se redefine. Su dise\u00f1o realza tu gl\u00fateo, d\u00e1ndole una forma m\u00e1s redonda y firme, mientras<\/p>\n","protected":false},"featured_media":31717,"comment_status":"open","ping_status":"closed","template":"","meta":[],"product_brand":[118],"product_cat":[73,100],"product_tag":[],"class_list":{"0":"post-31723","1":"product","2":"type-product","3":"status-publish","4":"has-post-thumbnail","6":"product_brand-mariae","7":"product_cat-mujer","8":"product_cat-panty","10":"first","11":"instock","12":"shipping-taxable","13":"purchasable","14":"product-type-variable","15":"has-default-attributes"},"aioseo_notices":[],"_links":{"self":[{"href":"https:\/\/status-store.com\/index.php?rest_route=\/wp\/v2\/product\/31723","targetHints":{"allow":["GET"]}}],"collection":[{"href":"https:\/\/status-store.com\/index.php?rest_route=\/wp\/v2\/product"}],"about":[{"href":"https:\/\/status-store.com\/index.php?rest_route=\/wp\/v2\/types\/product"}],"replies":[{"embeddable":true,"href":"https:\/\/status-store.com\/index.php?rest_route=%2Fwp%2Fv2%2Fcomments&post=31723"}],"version-history":[{"count":2,"href":"https:\/\/status-store.com\/index.php?rest_route=\/wp\/v2\/product\/31723\/revisions"}],"predecessor-version":[{"id":31781,"href":"https:\/\/status-store.com\/index.php?rest_route=\/wp\/v2\/product\/31723\/revisions\/31781"}],"wp:featuredmedia":[{"embeddable":true,"href":"https:\/\/status-store.com\/index.php?rest_route=\/wp\/v2\/media\/31717"}],"wp:attachment":[{"href":"https:\/\/status-store.com\/index.php?rest_route=%2Fwp%2Fv2%2Fmedia&parent=31723"}],"wp:term":[{"taxonomy":"product_brand","embeddable":true,"href":"https:\/\/status-store.com\/index.php?rest_route=%2Fwp%2Fv2%2Fproduct_brand&post=31723"},{"taxonomy":"product_cat","embeddable":true,"href":"https:\/\/status-store.com\/index.php?rest_route=%2Fwp%2Fv2%2Fproduct_cat&post=31723"},{"taxonomy":"product_tag","embeddable":true,"href":"https:\/\/status-store.com\/index.php?rest_route=%2Fwp%2Fv2%2Fproduct_tag&post=31723"}],"curies":[{"name":"wp","href":"https:\/\/api.w.org\/{rel}","templated":true}]}}