{"id":31782,"date":"2025-09-01T07:20:32","date_gmt":"2025-09-01T12:20:32","guid":{"rendered":"https:\/\/status-store.com\/?post_type=product&#038;p=31782"},"modified":"2025-09-05T12:43:22","modified_gmt":"2025-09-05T17:43:22","slug":"short-moldeador-a-la-cintura","status":"publish","type":"product","link":"https:\/\/status-store.com\/?product=short-moldeador-a-la-cintura","title":{"rendered":"Short moldeador a la cintura"},"content":{"rendered":"<p>Este short es tu nuevo aliado para cualquier ocasi\u00f3n. Es perfecto para usar con cualquier outfit, ya sea casual o m\u00e1s elegante, ya que su dise\u00f1o discreto y c\u00f3modo se adapta a muchas prendas. Lo que hace tan especial a este short es c\u00f3mo define tu abdomen bajo \u00a0y realza tus curvas, d\u00e1ndote una figura estilizada sin sacrificar comodidad.<\/p>\n","protected":false},"excerpt":{"rendered":"<p>Este short es tu nuevo aliado para cualquier ocasi\u00f3n. Es perfecto para usar con cualquier outfit, ya sea casual o<\/p>\n","protected":false},"featured_media":31836,"comment_status":"open","ping_status":"closed","template":"","meta":[],"product_brand":[118],"product_cat":[73,100],"product_tag":[],"class_list":{"0":"post-31782","1":"product","2":"type-product","3":"status-publish","4":"has-post-thumbnail","6":"product_brand-mariae","7":"product_cat-mujer","8":"product_cat-panty","10":"first","11":"instock","12":"shipping-taxable","13":"purchasable","14":"product-type-variable","15":"has-default-attributes"},"aioseo_notices":[],"_links":{"self":[{"href":"https:\/\/status-store.com\/index.php?rest_route=\/wp\/v2\/product\/31782","targetHints":{"allow":["GET"]}}],"collection":[{"href":"https:\/\/status-store.com\/index.php?rest_route=\/wp\/v2\/product"}],"about":[{"href":"https:\/\/status-store.com\/index.php?rest_route=\/wp\/v2\/types\/product"}],"replies":[{"embeddable":true,"href":"https:\/\/status-store.com\/index.php?rest_route=%2Fwp%2Fv2%2Fcomments&post=31782"}],"version-history":[{"count":2,"href":"https:\/\/status-store.com\/index.php?rest_route=\/wp\/v2\/product\/31782\/revisions"}],"predecessor-version":[{"id":31848,"href":"https:\/\/status-store.com\/index.php?rest_route=\/wp\/v2\/product\/31782\/revisions\/31848"}],"wp:featuredmedia":[{"embeddable":true,"href":"https:\/\/status-store.com\/index.php?rest_route=\/wp\/v2\/media\/31836"}],"wp:attachment":[{"href":"https:\/\/status-store.com\/index.php?rest_route=%2Fwp%2Fv2%2Fmedia&parent=31782"}],"wp:term":[{"taxonomy":"product_brand","embeddable":true,"href":"https:\/\/status-store.com\/index.php?rest_route=%2Fwp%2Fv2%2Fproduct_brand&post=31782"},{"taxonomy":"product_cat","embeddable":true,"href":"https:\/\/status-store.com\/index.php?rest_route=%2Fwp%2Fv2%2Fproduct_cat&post=31782"},{"taxonomy":"product_tag","embeddable":true,"href":"https:\/\/status-store.com\/index.php?rest_route=%2Fwp%2Fv2%2Fproduct_tag&post=31782"}],"curies":[{"name":"wp","href":"https:\/\/api.w.org\/{rel}","templated":true}]}}