{"id":31849,"date":"2025-09-01T07:31:50","date_gmt":"2025-09-01T12:31:50","guid":{"rendered":"https:\/\/status-store.com\/?post_type=product&#038;p=31849"},"modified":"2025-09-01T07:37:42","modified_gmt":"2025-09-01T12:37:42","slug":"camisilla-de-compresion","status":"publish","type":"product","link":"https:\/\/status-store.com\/?product=camisilla-de-compresion","title":{"rendered":"Camisilla de compresi\u00f3n"},"content":{"rendered":"<p>\u00a1Conoce las mejores\u00a0<strong>fajas para hombres<\/strong>! Con nuestra\u00a0<strong>camisilla reductora<\/strong>\u00a0lograr\u00e1s sentirte c\u00f3modo a donde quiera que vayas. Su dise\u00f1o con control m\u00e1ximo en espalda y abdomen te ayudar\u00e1n a mantener una excelente postura mientras reduces esos molestos rollitos.<\/p>\n","protected":false},"excerpt":{"rendered":"<p>\u00a1Conoce las mejores\u00a0fajas para hombres! Con nuestra\u00a0camisilla reductora\u00a0lograr\u00e1s sentirte c\u00f3modo a donde quiera que vayas. Su dise\u00f1o con control m\u00e1ximo<\/p>\n","protected":false},"featured_media":31871,"comment_status":"open","ping_status":"closed","template":"","meta":[],"product_brand":[118],"product_cat":[98,74],"product_tag":[],"class_list":{"0":"post-31849","1":"product","2":"type-product","3":"status-publish","4":"has-post-thumbnail","6":"product_brand-mariae","7":"product_cat-chaleco","8":"product_cat-hombre","10":"first","11":"instock","12":"shipping-taxable","13":"purchasable","14":"product-type-variable","15":"has-default-attributes"},"aioseo_notices":[],"_links":{"self":[{"href":"https:\/\/status-store.com\/index.php?rest_route=\/wp\/v2\/product\/31849","targetHints":{"allow":["GET"]}}],"collection":[{"href":"https:\/\/status-store.com\/index.php?rest_route=\/wp\/v2\/product"}],"about":[{"href":"https:\/\/status-store.com\/index.php?rest_route=\/wp\/v2\/types\/product"}],"replies":[{"embeddable":true,"href":"https:\/\/status-store.com\/index.php?rest_route=%2Fwp%2Fv2%2Fcomments&post=31849"}],"version-history":[{"count":1,"href":"https:\/\/status-store.com\/index.php?rest_route=\/wp\/v2\/product\/31849\/revisions"}],"predecessor-version":[{"id":31890,"href":"https:\/\/status-store.com\/index.php?rest_route=\/wp\/v2\/product\/31849\/revisions\/31890"}],"wp:featuredmedia":[{"embeddable":true,"href":"https:\/\/status-store.com\/index.php?rest_route=\/wp\/v2\/media\/31871"}],"wp:attachment":[{"href":"https:\/\/status-store.com\/index.php?rest_route=%2Fwp%2Fv2%2Fmedia&parent=31849"}],"wp:term":[{"taxonomy":"product_brand","embeddable":true,"href":"https:\/\/status-store.com\/index.php?rest_route=%2Fwp%2Fv2%2Fproduct_brand&post=31849"},{"taxonomy":"product_cat","embeddable":true,"href":"https:\/\/status-store.com\/index.php?rest_route=%2Fwp%2Fv2%2Fproduct_cat&post=31849"},{"taxonomy":"product_tag","embeddable":true,"href":"https:\/\/status-store.com\/index.php?rest_route=%2Fwp%2Fv2%2Fproduct_tag&post=31849"}],"curies":[{"name":"wp","href":"https:\/\/api.w.org\/{rel}","templated":true}]}}