{"id":31924,"date":"2025-09-01T07:47:57","date_gmt":"2025-09-01T12:47:57","guid":{"rendered":"https:\/\/status-store.com\/?post_type=product&#038;p=31924"},"modified":"2025-09-01T07:50:31","modified_gmt":"2025-09-01T12:50:31","slug":"tabla-abdominal-anatomica","status":"publish","type":"product","link":"https:\/\/status-store.com\/?product=tabla-abdominal-anatomica","title":{"rendered":"Tabla abdominal anat\u00f3mica"},"content":{"rendered":"<p>\u00bfBuscas el complemento perfecto para tu faja? Con nuestra tabla abdominal anat\u00f3mica potencializa los resultados despu\u00e9s de una cirug\u00eda. Esta tabla postquir\u00fargica est\u00e1 dise\u00f1ada en forma de mariposa para mayor cobertura y flexibilidad. Est\u00e1 forrada en poli\u00e9ster, elastano, termosellada.<\/p>\n","protected":false},"excerpt":{"rendered":"<p>\u00bfBuscas el complemento perfecto para tu faja? Con nuestra tabla abdominal anat\u00f3mica potencializa los resultados despu\u00e9s de una cirug\u00eda. Esta<\/p>\n","protected":false},"featured_media":31939,"comment_status":"open","ping_status":"closed","template":"","meta":[],"product_brand":[118],"product_cat":[20,103],"product_tag":[],"class_list":{"0":"post-31924","1":"product","2":"type-product","3":"status-publish","4":"has-post-thumbnail","6":"product_brand-mariae","7":"product_cat-accessories","8":"product_cat-mentoneras","10":"first","11":"instock","12":"shipping-taxable","13":"purchasable","14":"product-type-variable"},"aioseo_notices":[],"_links":{"self":[{"href":"https:\/\/status-store.com\/index.php?rest_route=\/wp\/v2\/product\/31924","targetHints":{"allow":["GET"]}}],"collection":[{"href":"https:\/\/status-store.com\/index.php?rest_route=\/wp\/v2\/product"}],"about":[{"href":"https:\/\/status-store.com\/index.php?rest_route=\/wp\/v2\/types\/product"}],"replies":[{"embeddable":true,"href":"https:\/\/status-store.com\/index.php?rest_route=%2Fwp%2Fv2%2Fcomments&post=31924"}],"version-history":[{"count":2,"href":"https:\/\/status-store.com\/index.php?rest_route=\/wp\/v2\/product\/31924\/revisions"}],"predecessor-version":[{"id":31944,"href":"https:\/\/status-store.com\/index.php?rest_route=\/wp\/v2\/product\/31924\/revisions\/31944"}],"wp:featuredmedia":[{"embeddable":true,"href":"https:\/\/status-store.com\/index.php?rest_route=\/wp\/v2\/media\/31939"}],"wp:attachment":[{"href":"https:\/\/status-store.com\/index.php?rest_route=%2Fwp%2Fv2%2Fmedia&parent=31924"}],"wp:term":[{"taxonomy":"product_brand","embeddable":true,"href":"https:\/\/status-store.com\/index.php?rest_route=%2Fwp%2Fv2%2Fproduct_brand&post=31924"},{"taxonomy":"product_cat","embeddable":true,"href":"https:\/\/status-store.com\/index.php?rest_route=%2Fwp%2Fv2%2Fproduct_cat&post=31924"},{"taxonomy":"product_tag","embeddable":true,"href":"https:\/\/status-store.com\/index.php?rest_route=%2Fwp%2Fv2%2Fproduct_tag&post=31924"}],"curies":[{"name":"wp","href":"https:\/\/api.w.org\/{rel}","templated":true}]}}