{"id":31945,"date":"2025-09-01T07:56:56","date_gmt":"2025-09-01T12:56:56","guid":{"rendered":"https:\/\/status-store.com\/?post_type=product&#038;p=31945"},"modified":"2025-09-01T07:58:10","modified_gmt":"2025-09-01T12:58:10","slug":"tabla-lumbar-anatomica","status":"publish","type":"product","link":"https:\/\/status-store.com\/?product=tabla-lumbar-anatomica","title":{"rendered":"Tabla lumbar anat\u00f3mica"},"content":{"rendered":"<p>\u00bfBuscas el complemento perfecto para tu faja? Nuestra tabla lumbar anat\u00f3mica es un complemento postquir\u00fargico que disminuye y evita la formaci\u00f3n de fibrosis y seromas en la zona baja de la espalda. Est\u00e1 forrada en poli\u00e9ster elastano, termosellada.<\/p>\n","protected":false},"excerpt":{"rendered":"<p>\u00bfBuscas el complemento perfecto para tu faja? Nuestra tabla lumbar anat\u00f3mica es un complemento postquir\u00fargico que disminuye y evita la<\/p>\n","protected":false},"featured_media":31947,"comment_status":"open","ping_status":"closed","template":"","meta":[],"product_brand":[118],"product_cat":[20,103],"product_tag":[],"class_list":{"0":"post-31945","1":"product","2":"type-product","3":"status-publish","4":"has-post-thumbnail","6":"product_brand-mariae","7":"product_cat-accessories","8":"product_cat-mentoneras","10":"first","11":"instock","12":"shipping-taxable","13":"purchasable","14":"product-type-variable"},"aioseo_notices":[],"_links":{"self":[{"href":"https:\/\/status-store.com\/index.php?rest_route=\/wp\/v2\/product\/31945","targetHints":{"allow":["GET"]}}],"collection":[{"href":"https:\/\/status-store.com\/index.php?rest_route=\/wp\/v2\/product"}],"about":[{"href":"https:\/\/status-store.com\/index.php?rest_route=\/wp\/v2\/types\/product"}],"replies":[{"embeddable":true,"href":"https:\/\/status-store.com\/index.php?rest_route=%2Fwp%2Fv2%2Fcomments&post=31945"}],"version-history":[{"count":2,"href":"https:\/\/status-store.com\/index.php?rest_route=\/wp\/v2\/product\/31945\/revisions"}],"predecessor-version":[{"id":31952,"href":"https:\/\/status-store.com\/index.php?rest_route=\/wp\/v2\/product\/31945\/revisions\/31952"}],"wp:featuredmedia":[{"embeddable":true,"href":"https:\/\/status-store.com\/index.php?rest_route=\/wp\/v2\/media\/31947"}],"wp:attachment":[{"href":"https:\/\/status-store.com\/index.php?rest_route=%2Fwp%2Fv2%2Fmedia&parent=31945"}],"wp:term":[{"taxonomy":"product_brand","embeddable":true,"href":"https:\/\/status-store.com\/index.php?rest_route=%2Fwp%2Fv2%2Fproduct_brand&post=31945"},{"taxonomy":"product_cat","embeddable":true,"href":"https:\/\/status-store.com\/index.php?rest_route=%2Fwp%2Fv2%2Fproduct_cat&post=31945"},{"taxonomy":"product_tag","embeddable":true,"href":"https:\/\/status-store.com\/index.php?rest_route=%2Fwp%2Fv2%2Fproduct_tag&post=31945"}],"curies":[{"name":"wp","href":"https:\/\/api.w.org\/{rel}","templated":true}]}}